{"id":1338,"date":"2025-09-18T22:13:30","date_gmt":"2025-09-18T20:13:30","guid":{"rendered":"https:\/\/hotelsiglisberg.sk\/?page_id=1338"},"modified":"2025-09-18T22:39:40","modified_gmt":"2025-09-18T20:39:40","slug":"mini-fitness-centrum","status":"publish","type":"page","link":"https:\/\/hotelsiglisberg.sk\/?page_id=1338","title":{"rendered":"Mini fitness centrum"},"content":{"rendered":"\n<p>Okolie Siglisbergu pon\u00faka naozaj \u0161irok\u00e9 mo\u017enosti \u0161portov\u00e9ho vy\u017eitia. Akt\u00edvni \u0161portovci i v\u00edkendov\u00ed objavitelia, cyklotrasy, turistick\u00e9 chodn\u00edky, nen\u00e1ro\u010dn\u00e9 prech\u00e1dzky, pl\u00e1vanie v tajchoch, ly\u017ee, kor\u010dule.. <\/p>\n\n\n\n<p>Na\u0161e slu\u017eby sme roz\u0161\u00edrili, aby v\u00e1m u n\u00e1s naozaj u\u017e ni\u010d nech\u00fdbalo. V hornej \u010dasti z\u00e1hrady sme jednu z pr\u00edstavb prerobili na fitko. Hoci mal\u00e9, no vybaven\u00edm plne posta\u010duj\u00face. <br><\/p>\n\n\n\n<p>Ubytovan\u00ed hostia maj\u00fa vstup gr\u00e1tis r\u00e1mci ubytovania.<\/p>\n\n\n\n<p><\/p>\n\n\n\n<p><\/p>\n\n\n\n<figure class=\"wp-block-image size-large\"><img fetchpriority=\"high\" decoding=\"async\" width=\"1024\" height=\"768\" src=\"https:\/\/hotelsiglisberg.sk\/wp-content\/uploads\/2025\/09\/IMG_8815-1024x768.jpeg\" alt=\"\" class=\"wp-image-1342\" srcset=\"https:\/\/hotelsiglisberg.sk\/wp-content\/uploads\/2025\/09\/IMG_8815-1024x768.jpeg 1024w, https:\/\/hotelsiglisberg.sk\/wp-content\/uploads\/2025\/09\/IMG_8815-300x225.jpeg 300w, https:\/\/hotelsiglisberg.sk\/wp-content\/uploads\/2025\/09\/IMG_8815-768x576.jpeg 768w, https:\/\/hotelsiglisberg.sk\/wp-content\/uploads\/2025\/09\/IMG_8815-1536x1152.jpeg 1536w, https:\/\/hotelsiglisberg.sk\/wp-content\/uploads\/2025\/09\/IMG_8815-2048x1536.jpeg 2048w\" sizes=\"(max-width: 767px) 89vw, (max-width: 1000px) 54vw, (max-width: 1071px) 543px, 580px\" \/><\/figure>\n\n\n\n<figure class=\"wp-block-image size-large\"><img decoding=\"async\" width=\"578\" height=\"1024\" src=\"https:\/\/hotelsiglisberg.sk\/wp-content\/uploads\/2025\/09\/IMG_8778-578x1024.jpeg\" alt=\"\" class=\"wp-image-1343\" srcset=\"https:\/\/hotelsiglisberg.sk\/wp-content\/uploads\/2025\/09\/IMG_8778-578x1024.jpeg 578w, https:\/\/hotelsiglisberg.sk\/wp-content\/uploads\/2025\/09\/IMG_8778-169x300.jpeg 169w, https:\/\/hotelsiglisberg.sk\/wp-content\/uploads\/2025\/09\/IMG_8778-768x1361.jpeg 768w, https:\/\/hotelsiglisberg.sk\/wp-content\/uploads\/2025\/09\/IMG_8778-867x1536.jpeg 867w, https:\/\/hotelsiglisberg.sk\/wp-content\/uploads\/2025\/09\/IMG_8778-1155x2048.jpeg 1155w, https:\/\/hotelsiglisberg.sk\/wp-content\/uploads\/2025\/09\/IMG_8778-scaled.jpeg 1444w\" sizes=\"(max-width: 578px) 100vw, 578px\" \/><\/figure>\n\n\n\n<figure class=\"wp-block-image size-large\"><img decoding=\"async\" width=\"768\" height=\"1024\" src=\"https:\/\/hotelsiglisberg.sk\/wp-content\/uploads\/2025\/09\/IMG_8794-768x1024.jpeg\" alt=\"\" class=\"wp-image-1345\" srcset=\"https:\/\/hotelsiglisberg.sk\/wp-content\/uploads\/2025\/09\/IMG_8794-768x1024.jpeg 768w, https:\/\/hotelsiglisberg.sk\/wp-content\/uploads\/2025\/09\/IMG_8794-225x300.jpeg 225w, https:\/\/hotelsiglisberg.sk\/wp-content\/uploads\/2025\/09\/IMG_8794-1152x1536.jpeg 1152w, https:\/\/hotelsiglisberg.sk\/wp-content\/uploads\/2025\/09\/IMG_8794-1536x2048.jpeg 1536w, https:\/\/hotelsiglisberg.sk\/wp-content\/uploads\/2025\/09\/IMG_8794-scaled.jpeg 1920w\" sizes=\"(max-width: 767px) 89vw, (max-width: 1000px) 54vw, (max-width: 1071px) 543px, 580px\" \/><\/figure>\n\n\n\n<figure class=\"wp-block-image size-large\"><img loading=\"lazy\" decoding=\"async\" width=\"1024\" height=\"768\" src=\"https:\/\/hotelsiglisberg.sk\/wp-content\/uploads\/2025\/09\/IMG_8820-1024x768.jpeg\" alt=\"\" class=\"wp-image-1344\" srcset=\"https:\/\/hotelsiglisberg.sk\/wp-content\/uploads\/2025\/09\/IMG_8820-1024x768.jpeg 1024w, https:\/\/hotelsiglisberg.sk\/wp-content\/uploads\/2025\/09\/IMG_8820-300x225.jpeg 300w, https:\/\/hotelsiglisberg.sk\/wp-content\/uploads\/2025\/09\/IMG_8820-768x576.jpeg 768w, https:\/\/hotelsiglisberg.sk\/wp-content\/uploads\/2025\/09\/IMG_8820-1536x1152.jpeg 1536w, https:\/\/hotelsiglisberg.sk\/wp-content\/uploads\/2025\/09\/IMG_8820-2048x1536.jpeg 2048w\" sizes=\"(max-width: 767px) 89vw, (max-width: 1000px) 54vw, (max-width: 1071px) 543px, 580px\" \/><\/figure>\n","protected":false},"excerpt":{"rendered":"<p>Okolie Siglisbergu pon\u00faka naozaj \u0161irok\u00e9 mo\u017enosti \u0161portov\u00e9ho vy\u017eitia. Akt\u00edvni \u0161portovci i v\u00edkendov\u00ed objavitelia, cyklotrasy, turistick\u00e9 chodn\u00edky, nen\u00e1ro\u010dn\u00e9 prech\u00e1dzky, pl\u00e1vanie v tajchoch, ly\u017ee, kor\u010dule.. Na\u0161e slu\u017eby sme roz\u0161\u00edrili, aby v\u00e1m u n\u00e1s naozaj u\u017e ni\u010d nech\u00fdbalo. V hornej \u010dasti z\u00e1hrady sme jednu z pr\u00edstavb prerobili na fitko. Hoci mal\u00e9, no vybaven\u00edm plne posta\u010duj\u00face. Ubytovan\u00ed hostia maj\u00fa &hellip; <\/p>\n<p class=\"link-more\"><a href=\"https:\/\/hotelsiglisberg.sk\/?page_id=1338\" class=\"more-link\">Pokra\u010dova\u0165 v \u010d\u00edtan\u00ed<span class=\"screen-reader-text\"> &#8222;Mini fitness centrum&#8220;<\/span><\/a><\/p>\n","protected":false},"author":3,"featured_media":0,"parent":0,"menu_order":0,"comment_status":"closed","ping_status":"closed","template":"","meta":{"footnotes":""},"class_list":["post-1338","page","type-page","status-publish","hentry"],"_links":{"self":[{"href":"https:\/\/hotelsiglisberg.sk\/index.php?rest_route=\/wp\/v2\/pages\/1338","targetHints":{"allow":["GET"]}}],"collection":[{"href":"https:\/\/hotelsiglisberg.sk\/index.php?rest_route=\/wp\/v2\/pages"}],"about":[{"href":"https:\/\/hotelsiglisberg.sk\/index.php?rest_route=\/wp\/v2\/types\/page"}],"author":[{"embeddable":true,"href":"https:\/\/hotelsiglisberg.sk\/index.php?rest_route=\/wp\/v2\/users\/3"}],"replies":[{"embeddable":true,"href":"https:\/\/hotelsiglisberg.sk\/index.php?rest_route=%2Fwp%2Fv2%2Fcomments&post=1338"}],"version-history":[{"count":8,"href":"https:\/\/hotelsiglisberg.sk\/index.php?rest_route=\/wp\/v2\/pages\/1338\/revisions"}],"predecessor-version":[{"id":1351,"href":"https:\/\/hotelsiglisberg.sk\/index.php?rest_route=\/wp\/v2\/pages\/1338\/revisions\/1351"}],"wp:attachment":[{"href":"https:\/\/hotelsiglisberg.sk\/index.php?rest_route=%2Fwp%2Fv2%2Fmedia&parent=1338"}],"curies":[{"name":"wp","href":"https:\/\/api.w.org\/{rel}","templated":true}]}}