{"id":174,"date":"2021-04-27T23:40:29","date_gmt":"2021-04-27T21:40:29","guid":{"rendered":"https:\/\/hotelsiglisberg.sk\/?page_id=174"},"modified":"2026-02-16T20:52:56","modified_gmt":"2026-02-16T19:52:56","slug":"174-2","status":"publish","type":"page","link":"https:\/\/hotelsiglisberg.sk\/","title":{"rendered":"Vitajte u n\u00e1s. Nech sa p\u00e1\u010di, vst\u00fapte&#8230;"},"content":{"rendered":"\n<p>Nieko\u013eko m\u00e1lo kilometrov z <strong>Banskej \u0160tiavnice<\/strong>, je tu, uprostred dedinky \u0160tiavnick\u00e9 Bane, s l\u00fakami za chrbtom, v pokoji, hotel, celkom mal\u00fd, Siglisberg****.<\/p>\n\n\n\n<p>Boutique Hotel Siglisberg****. Jeho z\u00e1kutia o\u010daria milovn\u00edkov romantiky. Rodin\u00e1m s <strong>de\u0165mi<\/strong> a z\u00e1stancom <strong>akt\u00edvneho oddychu<\/strong> zas ulahod\u00ed r\u00f4znorodos\u0165 Bansko\u0161tiavnick\u00e9ho regi\u00f3nu i hotelov\u00e9 <strong>wellness centrum<\/strong>. Netradi\u010dne rie\u0161en\u00e1 hotelov\u00e1 z\u00e1hrada s terasami a romantick\u00fdm jazierkom je priam dokonal\u00fdm <strong>svadobn\u00fdm miestom<\/strong>. Neform\u00e1lne prostredie \u010dit\u00e1rne je skvel\u00e9 pre <strong>firemn\u00e9 stretnutia<\/strong>. Mo\u017enosti bezprostredn\u00e9ho okolia navy\u0161e poskytuj\u00fa podmienky pre nezabudnute\u013en\u00fd a origin\u00e1lny <strong>teambuilding<\/strong>. <\/p>\n\n\n\n<p>Kvalitn\u00e1 <strong>gastron\u00f3mia<\/strong> je samozrejmos\u0165ou a nutnos\u0165ou. <\/p>\n\n\n\n<p>Nechajte sa ok\u00fazli\u0165 na\u0161im pr\u00edbehom. Je to miesto d\u00e1vnej hist\u00f3rie, harm\u00f3nie, pozit\u00edvnej energie a \u0161\u0165astn\u00e9ho konca. Bol ods\u00faden\u00fd na z\u00e1nik. Jeho vyhliadky nezlep\u0161ilo ani vyhl\u00e1senie za <strong>n\u00e1rodn\u00fa kult\u00farnu pamiatku<\/strong>. A\u017e raz, zhodou okolnost\u00ed a \u0161\u0165astn\u00fdch n\u00e1hod&#8230; Teraz tu pred vami op\u00e4\u0165 hrdo stoj\u00ed <strong>Boutique Hotel Siglisberg****<\/strong>.<\/p>\n\n\n\n<p><\/p>\n\n\n\n<p><\/p>\n\n\n\n<p><\/p>\n\n\n\n<figure class=\"wp-block-image size-large\"><img fetchpriority=\"high\" decoding=\"async\" width=\"1024\" height=\"683\" src=\"https:\/\/hotelsiglisberg.sk\/wp-content\/uploads\/2023\/03\/53365904-2059-4AFC-B16B-D021DED8CF61-1024x683.jpeg\" alt=\"\" class=\"wp-image-982\" srcset=\"https:\/\/hotelsiglisberg.sk\/wp-content\/uploads\/2023\/03\/53365904-2059-4AFC-B16B-D021DED8CF61-1024x683.jpeg 1024w, https:\/\/hotelsiglisberg.sk\/wp-content\/uploads\/2023\/03\/53365904-2059-4AFC-B16B-D021DED8CF61-300x200.jpeg 300w, https:\/\/hotelsiglisberg.sk\/wp-content\/uploads\/2023\/03\/53365904-2059-4AFC-B16B-D021DED8CF61-768x512.jpeg 768w, https:\/\/hotelsiglisberg.sk\/wp-content\/uploads\/2023\/03\/53365904-2059-4AFC-B16B-D021DED8CF61-1536x1024.jpeg 1536w, https:\/\/hotelsiglisberg.sk\/wp-content\/uploads\/2023\/03\/53365904-2059-4AFC-B16B-D021DED8CF61.jpeg 2048w\" sizes=\"(max-width: 767px) 89vw, (max-width: 1000px) 54vw, (max-width: 1071px) 543px, 580px\" \/><\/figure>\n","protected":false},"excerpt":{"rendered":"<p>Nieko\u013eko m\u00e1lo kilometrov z Banskej \u0160tiavnice, je tu, uprostred dedinky \u0160tiavnick\u00e9 Bane, s l\u00fakami za chrbtom, v pokoji, hotel, celkom mal\u00fd, Siglisberg****. Boutique Hotel Siglisberg****. Jeho z\u00e1kutia o\u010daria milovn\u00edkov romantiky. Rodin\u00e1m s de\u0165mi a z\u00e1stancom akt\u00edvneho oddychu zas ulahod\u00ed r\u00f4znorodos\u0165 Bansko\u0161tiavnick\u00e9ho regi\u00f3nu i hotelov\u00e9 wellness centrum. Netradi\u010dne rie\u0161en\u00e1 hotelov\u00e1 z\u00e1hrada s terasami a romantick\u00fdm jazierkom &hellip; <\/p>\n<p class=\"link-more\"><a href=\"https:\/\/hotelsiglisberg.sk\/\" class=\"more-link\">Pokra\u010dova\u0165 v \u010d\u00edtan\u00ed<span class=\"screen-reader-text\"> &#8222;Vitajte u n\u00e1s. Nech sa p\u00e1\u010di, vst\u00fapte&#8230;&#8220;<\/span><\/a><\/p>\n","protected":false},"author":3,"featured_media":0,"parent":0,"menu_order":0,"comment_status":"closed","ping_status":"closed","template":"","meta":{"footnotes":""},"class_list":["post-174","page","type-page","status-publish","hentry"],"_links":{"self":[{"href":"https:\/\/hotelsiglisberg.sk\/index.php?rest_route=\/wp\/v2\/pages\/174","targetHints":{"allow":["GET"]}}],"collection":[{"href":"https:\/\/hotelsiglisberg.sk\/index.php?rest_route=\/wp\/v2\/pages"}],"about":[{"href":"https:\/\/hotelsiglisberg.sk\/index.php?rest_route=\/wp\/v2\/types\/page"}],"author":[{"embeddable":true,"href":"https:\/\/hotelsiglisberg.sk\/index.php?rest_route=\/wp\/v2\/users\/3"}],"replies":[{"embeddable":true,"href":"https:\/\/hotelsiglisberg.sk\/index.php?rest_route=%2Fwp%2Fv2%2Fcomments&post=174"}],"version-history":[{"count":42,"href":"https:\/\/hotelsiglisberg.sk\/index.php?rest_route=\/wp\/v2\/pages\/174\/revisions"}],"predecessor-version":[{"id":1463,"href":"https:\/\/hotelsiglisberg.sk\/index.php?rest_route=\/wp\/v2\/pages\/174\/revisions\/1463"}],"wp:attachment":[{"href":"https:\/\/hotelsiglisberg.sk\/index.php?rest_route=%2Fwp%2Fv2%2Fmedia&parent=174"}],"curies":[{"name":"wp","href":"https:\/\/api.w.org\/{rel}","templated":true}]}}