{"id":179,"date":"2021-04-27T23:45:40","date_gmt":"2021-04-27T21:45:40","guid":{"rendered":"https:\/\/hotelsiglisberg.sk\/?page_id=179"},"modified":"2026-03-12T12:19:05","modified_gmt":"2026-03-12T11:19:05","slug":"ubytovanie-s-ranajkami","status":"publish","type":"page","link":"https:\/\/hotelsiglisberg.sk\/?page_id=179","title":{"rendered":"Ubytovanie s ra\u0148ajkami"},"content":{"rendered":"\n<p>Nem\u00e1te z\u00e1ujem o pobytov\u00fd bal\u00ed\u010dek? M\u00f4\u017eete sa u n\u00e1s ubytova\u0165 len s ra\u0148ajkami. Ako bonus je hodinov\u00fd vstup do hotelov\u00e9ho wellness. <\/p>\n\n\n\n<p><\/p>\n\n\n\n<ul class=\"wp-block-list\">\n<li>dvojl\u00f4\u017ekov\u00e1 izba exclusive &#8211; 129\u20ac \/ izba \/ noc<\/li>\n\n\n\n<li>dvojl\u00f4\u017ekov\u00e1 izba standard &#8211; 119\u20ac \/ izba \/ noc<\/li>\n\n\n\n<li>apartm\u00e1n exclusive &#8211; 159\u20ac \/ izba \/ noc<br><br>Hotelov\u00e9 parkovisko, monitorovan\u00e9 kamerov\u00fdm syst\u00e9mom,  je hos\u0165om k dispoz\u00edcii <strong>gr\u00e1tis<\/strong>. Cena ubytovania nezah\u0155\u0148a miestny poplatok.<\/li>\n<\/ul>\n\n\n\n<figure class=\"wp-block-image size-large\"><img fetchpriority=\"high\" decoding=\"async\" width=\"1024\" height=\"683\" src=\"https:\/\/hotelsiglisberg.sk\/wp-content\/uploads\/2025\/01\/MG_2623-1024x683.jpg\" alt=\"\" class=\"wp-image-1260\" srcset=\"https:\/\/hotelsiglisberg.sk\/wp-content\/uploads\/2025\/01\/MG_2623-1024x683.jpg 1024w, https:\/\/hotelsiglisberg.sk\/wp-content\/uploads\/2025\/01\/MG_2623-300x200.jpg 300w, https:\/\/hotelsiglisberg.sk\/wp-content\/uploads\/2025\/01\/MG_2623-768x512.jpg 768w, https:\/\/hotelsiglisberg.sk\/wp-content\/uploads\/2025\/01\/MG_2623-1536x1024.jpg 1536w, https:\/\/hotelsiglisberg.sk\/wp-content\/uploads\/2025\/01\/MG_2623-2048x1365.jpg 2048w\" sizes=\"(max-width: 767px) 89vw, (max-width: 1000px) 54vw, (max-width: 1071px) 543px, 580px\" \/><\/figure>\n\n\n\n<p><\/p>\n\n\n\n<p>Pr\u00edplatky:<br>\u30fbza neobsaden\u00e9 l\u00f4\u017eko 30\u20ac<br>\u30fbdetsk\u00e1 postie\u013eka 10\u20ac<br>\u30fbpr\u00edstelka 59\u20ac<br>\u30fbpr\u00edstelka pre die\u0165a do 12 rokov 49\u20ac<br>\u30fbdoplatok do polpenzie 20\u20ac<br>\u30fbdoplatok do plnej penzie 38\u20ac<br>\u30fbpr\u00edplatok za nad\u0161tandardn\u00e9 stravovacie po\u017eiadavky od 3\u20ac <br>     (v z\u00e1vislosti od n\u00e1ro\u010dnosti po\u017eiadavky)<br>\u30fbdoplatok do polpenzie die\u0165a do 12 rokov  14\u20ac<br>\u30fbdoplatok do plnej penzie die\u0165a do 12 rokov 26\u20ac<br>\u30fbdoplatok do polpenzie die\u0165a bez l\u00f4\u017eka (0-5,99roka) 13\u20ac<br>\u30fbdoplatok do plnej penzie die\u0165a bez l\u00f4\u017eka (0-5,99 roka) 19\u20ac<br>\u30fbpoplatok za dom\u00e1ce zvieratko mal\u00e9ho vzrastu 15\u20ac<\/p>\n\n\n\n<p><br>Ceny s\u00fa uveden\u00e9 v eur\u00e1ch. Cenn\u00edk je platn\u00fd od 1.3.2026. Cenn\u00edk sa nevz\u0165ahuje na ve\u013ekono\u010dn\u00fd a silvestrovsk\u00fd pobyt.<\/p>\n\n\n\n<p><br><\/p>\n\n\n\n<p><\/p>\n","protected":false},"excerpt":{"rendered":"<p>Nem\u00e1te z\u00e1ujem o pobytov\u00fd bal\u00ed\u010dek? M\u00f4\u017eete sa u n\u00e1s ubytova\u0165 len s ra\u0148ajkami. Ako bonus je hodinov\u00fd vstup do hotelov\u00e9ho wellness. Pr\u00edplatky:\u30fbza neobsaden\u00e9 l\u00f4\u017eko 30\u20ac\u30fbdetsk\u00e1 postie\u013eka 10\u20ac\u30fbpr\u00edstelka 59\u20ac\u30fbpr\u00edstelka pre die\u0165a do 12 rokov 49\u20ac\u30fbdoplatok do polpenzie 20\u20ac\u30fbdoplatok do plnej penzie 38\u20ac\u30fbpr\u00edplatok za nad\u0161tandardn\u00e9 stravovacie po\u017eiadavky od 3\u20ac (v z\u00e1vislosti od n\u00e1ro\u010dnosti po\u017eiadavky)\u30fbdoplatok do polpenzie die\u0165a &hellip; <\/p>\n<p class=\"link-more\"><a href=\"https:\/\/hotelsiglisberg.sk\/?page_id=179\" class=\"more-link\">Pokra\u010dova\u0165 v \u010d\u00edtan\u00ed<span class=\"screen-reader-text\"> &#8222;Ubytovanie s ra\u0148ajkami&#8220;<\/span><\/a><\/p>\n","protected":false},"author":3,"featured_media":0,"parent":0,"menu_order":0,"comment_status":"closed","ping_status":"closed","template":"","meta":{"footnotes":""},"class_list":["post-179","page","type-page","status-publish","hentry"],"_links":{"self":[{"href":"https:\/\/hotelsiglisberg.sk\/index.php?rest_route=\/wp\/v2\/pages\/179","targetHints":{"allow":["GET"]}}],"collection":[{"href":"https:\/\/hotelsiglisberg.sk\/index.php?rest_route=\/wp\/v2\/pages"}],"about":[{"href":"https:\/\/hotelsiglisberg.sk\/index.php?rest_route=\/wp\/v2\/types\/page"}],"author":[{"embeddable":true,"href":"https:\/\/hotelsiglisberg.sk\/index.php?rest_route=\/wp\/v2\/users\/3"}],"replies":[{"embeddable":true,"href":"https:\/\/hotelsiglisberg.sk\/index.php?rest_route=%2Fwp%2Fv2%2Fcomments&post=179"}],"version-history":[{"count":33,"href":"https:\/\/hotelsiglisberg.sk\/index.php?rest_route=\/wp\/v2\/pages\/179\/revisions"}],"predecessor-version":[{"id":1474,"href":"https:\/\/hotelsiglisberg.sk\/index.php?rest_route=\/wp\/v2\/pages\/179\/revisions\/1474"}],"wp:attachment":[{"href":"https:\/\/hotelsiglisberg.sk\/index.php?rest_route=%2Fwp%2Fv2%2Fmedia&parent=179"}],"curies":[{"name":"wp","href":"https:\/\/api.w.org\/{rel}","templated":true}]}}