{"id":52,"date":"2021-04-23T15:49:59","date_gmt":"2021-04-23T13:49:59","guid":{"rendered":"https:\/\/hotelsiglisberg.sk\/?page_id=52"},"modified":"2021-12-26T23:55:17","modified_gmt":"2021-12-26T22:55:17","slug":"pobyty","status":"publish","type":"page","link":"https:\/\/hotelsiglisberg.sk\/?page_id=52","title":{"rendered":"Pobyty a izby"},"content":{"rendered":"\n<p>V na\u0161ej ponuke n\u00e1jdete po cel\u00fd rok <strong>v\u00edkendov\u00fd pobytov\u00fd bal\u00ed\u010dek<\/strong>. Tvorili sme ho pre v\u00e1s \u010do najjednoduch\u0161ie, tak, aby ste mali dostatok priestoru na vyu\u017eitie pestrej ponuky regi\u00f3nu. <\/p>\n\n\n\n<p><strong>Sez\u00f3nnu  ponuku pobytov\u00fdch bal\u00ed\u010dkov<\/strong> pravidelne aktualizujeme. Nateraz nem\u00e1me v ponuke zv\u00fdhodnen\u00fd bal\u00edk. <\/p>\n\n\n\n<p>M\u00f4\u017eete sa u n\u00e1s samozrejme <strong>ubytova\u0165<\/strong> aj pokia\u013e nem\u00e1te z\u00e1ujem o \u017eiadny z pobytov\u00fdch bal\u00ed\u010dkov. <br><\/p>\n\n\n\n<p>Budova hotela je n\u00e1rodnou kult\u00farnou pamiatkou, rekon\u0161trukcia bola preto nanajv\u00fd\u0161 citliv\u00e1. <strong>Izby a apartm\u00e1ny<\/strong> sme pre v\u00e1s navrhovali a zaria\u010fovali s mimoriadnou d\u00f4slednos\u0165ou. Tak, aby ste sa u n\u00e1s c\u00edtili \u010do najpohodlnej\u0161ie a naozaj v\u00fdnimo\u010dne.<br><\/p>\n\n\n\n<figure class=\"wp-block-image size-large\"><img fetchpriority=\"high\" decoding=\"async\" width=\"1024\" height=\"683\" src=\"https:\/\/hotelsiglisberg.sk\/wp-content\/uploads\/2021\/08\/0FE10599-28D6-487D-9BC7-D1127E83D865-1024x683.jpeg\" alt=\"\" class=\"wp-image-544\" srcset=\"https:\/\/hotelsiglisberg.sk\/wp-content\/uploads\/2021\/08\/0FE10599-28D6-487D-9BC7-D1127E83D865-1024x683.jpeg 1024w, https:\/\/hotelsiglisberg.sk\/wp-content\/uploads\/2021\/08\/0FE10599-28D6-487D-9BC7-D1127E83D865-300x200.jpeg 300w, https:\/\/hotelsiglisberg.sk\/wp-content\/uploads\/2021\/08\/0FE10599-28D6-487D-9BC7-D1127E83D865-768x512.jpeg 768w, https:\/\/hotelsiglisberg.sk\/wp-content\/uploads\/2021\/08\/0FE10599-28D6-487D-9BC7-D1127E83D865-1536x1024.jpeg 1536w, https:\/\/hotelsiglisberg.sk\/wp-content\/uploads\/2021\/08\/0FE10599-28D6-487D-9BC7-D1127E83D865.jpeg 2048w\" sizes=\"(max-width: 767px) 89vw, (max-width: 1000px) 54vw, (max-width: 1071px) 543px, 580px\" \/><\/figure>\n\n\n\n<figure class=\"wp-block-image size-large\"><img decoding=\"async\" width=\"1024\" height=\"683\" src=\"https:\/\/hotelsiglisberg.sk\/wp-content\/uploads\/2021\/08\/84CA6C2C-5938-497E-AF6C-93DC3BA8BE67-1024x683.jpeg\" alt=\"\" class=\"wp-image-543\" srcset=\"https:\/\/hotelsiglisberg.sk\/wp-content\/uploads\/2021\/08\/84CA6C2C-5938-497E-AF6C-93DC3BA8BE67-1024x683.jpeg 1024w, https:\/\/hotelsiglisberg.sk\/wp-content\/uploads\/2021\/08\/84CA6C2C-5938-497E-AF6C-93DC3BA8BE67-300x200.jpeg 300w, https:\/\/hotelsiglisberg.sk\/wp-content\/uploads\/2021\/08\/84CA6C2C-5938-497E-AF6C-93DC3BA8BE67-768x512.jpeg 768w, https:\/\/hotelsiglisberg.sk\/wp-content\/uploads\/2021\/08\/84CA6C2C-5938-497E-AF6C-93DC3BA8BE67-1536x1024.jpeg 1536w, https:\/\/hotelsiglisberg.sk\/wp-content\/uploads\/2021\/08\/84CA6C2C-5938-497E-AF6C-93DC3BA8BE67.jpeg 2048w\" sizes=\"(max-width: 767px) 89vw, (max-width: 1000px) 54vw, (max-width: 1071px) 543px, 580px\" \/><\/figure>\n","protected":false},"excerpt":{"rendered":"<p>V na\u0161ej ponuke n\u00e1jdete po cel\u00fd rok v\u00edkendov\u00fd pobytov\u00fd bal\u00ed\u010dek. Tvorili sme ho pre v\u00e1s \u010do najjednoduch\u0161ie, tak, aby ste mali dostatok priestoru na vyu\u017eitie pestrej ponuky regi\u00f3nu. Sez\u00f3nnu ponuku pobytov\u00fdch bal\u00ed\u010dkov pravidelne aktualizujeme. Nateraz nem\u00e1me v ponuke zv\u00fdhodnen\u00fd bal\u00edk. M\u00f4\u017eete sa u n\u00e1s samozrejme ubytova\u0165 aj pokia\u013e nem\u00e1te z\u00e1ujem o \u017eiadny z pobytov\u00fdch bal\u00ed\u010dkov. &hellip; <\/p>\n<p class=\"link-more\"><a href=\"https:\/\/hotelsiglisberg.sk\/?page_id=52\" class=\"more-link\">Pokra\u010dova\u0165 v \u010d\u00edtan\u00ed<span class=\"screen-reader-text\"> &#8222;Pobyty a izby&#8220;<\/span><\/a><\/p>\n","protected":false},"author":1,"featured_media":0,"parent":0,"menu_order":0,"comment_status":"closed","ping_status":"closed","template":"","meta":{"footnotes":""},"class_list":["post-52","page","type-page","status-publish","hentry"],"_links":{"self":[{"href":"https:\/\/hotelsiglisberg.sk\/index.php?rest_route=\/wp\/v2\/pages\/52","targetHints":{"allow":["GET"]}}],"collection":[{"href":"https:\/\/hotelsiglisberg.sk\/index.php?rest_route=\/wp\/v2\/pages"}],"about":[{"href":"https:\/\/hotelsiglisberg.sk\/index.php?rest_route=\/wp\/v2\/types\/page"}],"author":[{"embeddable":true,"href":"https:\/\/hotelsiglisberg.sk\/index.php?rest_route=\/wp\/v2\/users\/1"}],"replies":[{"embeddable":true,"href":"https:\/\/hotelsiglisberg.sk\/index.php?rest_route=%2Fwp%2Fv2%2Fcomments&post=52"}],"version-history":[{"count":21,"href":"https:\/\/hotelsiglisberg.sk\/index.php?rest_route=\/wp\/v2\/pages\/52\/revisions"}],"predecessor-version":[{"id":741,"href":"https:\/\/hotelsiglisberg.sk\/index.php?rest_route=\/wp\/v2\/pages\/52\/revisions\/741"}],"wp:attachment":[{"href":"https:\/\/hotelsiglisberg.sk\/index.php?rest_route=%2Fwp%2Fv2%2Fmedia&parent=52"}],"curies":[{"name":"wp","href":"https:\/\/api.w.org\/{rel}","templated":true}]}}