{"id":53,"date":"2021-04-23T15:49:59","date_gmt":"2021-04-23T13:49:59","guid":{"rendered":"https:\/\/hotelsiglisberg.sk\/?page_id=53"},"modified":"2026-01-13T15:17:20","modified_gmt":"2026-01-13T14:17:20","slug":"gastronomia","status":"publish","type":"page","link":"https:\/\/hotelsiglisberg.sk\/?page_id=53","title":{"rendered":"Gastron\u00f3mia"},"content":{"rendered":"\n<p>Lah\u00f4dky r\u00f4zneho druhu V\u00e1m priprav\u00ed n\u00e1\u0161 kreat\u00edvny t\u00edm. <\/p>\n\n\n\n<p>St\u00e1la <strong>\u00c1 la Carte<\/strong> ponuka je tvoren\u00e1 preva\u017ene tradi\u010dn\u00fdmi jedlami s oh\u013eadom na s\u00fa\u010dasn\u00e9 trendy. Vysok\u00fa kulin\u00e1rsku gastron\u00f3miu v\u0161ak u n\u00e1s neh\u013eadajte, t\u00fa prenech\u00e1vame z\u00e1\u017eitkov\u00fdm re\u0161taur\u00e1ci\u00e1m. <\/p>\n\n\n\n<p>M\u00e1me mno\u017estvo n\u00e1padov a chceme pre V\u00e1s neust\u00e1le tvori\u0165 a prin\u00e1\u0161a\u0165 novinky, ale i klasick\u00e9 jedl\u00e1. M\u00f4\u017eete sa preto te\u0161i\u0165 i na <strong>\u0161peciality<\/strong> <strong>sez\u00f3ny<\/strong>. <\/p>\n\n\n\n<p><strong>Ob\u010derstvenie so sebou<\/strong> na v\u00fdlet, <strong>piknikov\u00fd k\u00f4\u0161<\/strong>, vo vybran\u00fdch d\u0148och <strong>denn\u00e9 menu<\/strong> alebo <strong>snacky<\/strong> k ve\u010dern\u00e9mu posedeniu u v\u00e1s na chate. Aj toto je s\u00fa\u010das\u0165 na\u0161ej ponuky. <\/p>\n\n\n\n<figure class=\"wp-block-image size-large\"><img decoding=\"async\" src=\"https:\/\/hotelsiglisberg.sk\/wp-content\/uploads\/2021\/07\/874669EC-2FAB-4406-9F04-0E31F2EA090D.jpeg\" alt=\"\"\/><\/figure>\n\n\n\n<p><\/p>\n","protected":false},"excerpt":{"rendered":"<p>Lah\u00f4dky r\u00f4zneho druhu V\u00e1m priprav\u00ed n\u00e1\u0161 kreat\u00edvny t\u00edm. St\u00e1la \u00c1 la Carte ponuka je tvoren\u00e1 preva\u017ene tradi\u010dn\u00fdmi jedlami s oh\u013eadom na s\u00fa\u010dasn\u00e9 trendy. Vysok\u00fa kulin\u00e1rsku gastron\u00f3miu v\u0161ak u n\u00e1s neh\u013eadajte, t\u00fa prenech\u00e1vame z\u00e1\u017eitkov\u00fdm re\u0161taur\u00e1ci\u00e1m. M\u00e1me mno\u017estvo n\u00e1padov a chceme pre V\u00e1s neust\u00e1le tvori\u0165 a prin\u00e1\u0161a\u0165 novinky, ale i klasick\u00e9 jedl\u00e1. M\u00f4\u017eete sa preto te\u0161i\u0165 i &hellip; <\/p>\n<p class=\"link-more\"><a href=\"https:\/\/hotelsiglisberg.sk\/?page_id=53\" class=\"more-link\">Pokra\u010dova\u0165 v \u010d\u00edtan\u00ed<span class=\"screen-reader-text\"> &#8222;Gastron\u00f3mia&#8220;<\/span><\/a><\/p>\n","protected":false},"author":1,"featured_media":0,"parent":0,"menu_order":0,"comment_status":"closed","ping_status":"closed","template":"","meta":{"footnotes":""},"class_list":["post-53","page","type-page","status-publish","hentry"],"_links":{"self":[{"href":"https:\/\/hotelsiglisberg.sk\/index.php?rest_route=\/wp\/v2\/pages\/53","targetHints":{"allow":["GET"]}}],"collection":[{"href":"https:\/\/hotelsiglisberg.sk\/index.php?rest_route=\/wp\/v2\/pages"}],"about":[{"href":"https:\/\/hotelsiglisberg.sk\/index.php?rest_route=\/wp\/v2\/types\/page"}],"author":[{"embeddable":true,"href":"https:\/\/hotelsiglisberg.sk\/index.php?rest_route=\/wp\/v2\/users\/1"}],"replies":[{"embeddable":true,"href":"https:\/\/hotelsiglisberg.sk\/index.php?rest_route=%2Fwp%2Fv2%2Fcomments&post=53"}],"version-history":[{"count":25,"href":"https:\/\/hotelsiglisberg.sk\/index.php?rest_route=\/wp\/v2\/pages\/53\/revisions"}],"predecessor-version":[{"id":1418,"href":"https:\/\/hotelsiglisberg.sk\/index.php?rest_route=\/wp\/v2\/pages\/53\/revisions\/1418"}],"wp:attachment":[{"href":"https:\/\/hotelsiglisberg.sk\/index.php?rest_route=%2Fwp%2Fv2%2Fmedia&parent=53"}],"curies":[{"name":"wp","href":"https:\/\/api.w.org\/{rel}","templated":true}]}}