{"id":54,"date":"2021-04-23T15:49:59","date_gmt":"2021-04-23T13:49:59","guid":{"rendered":"https:\/\/hotelsiglisberg.sk\/?page_id=54"},"modified":"2026-02-16T20:53:26","modified_gmt":"2026-02-16T19:53:26","slug":"wellness","status":"publish","type":"page","link":"https:\/\/hotelsiglisberg.sk\/?page_id=54","title":{"rendered":"Wellness a vo\u013en\u00fd \u010das"},"content":{"rendered":"\n<p>Vo wellness hotela Siglisberg**** ste srde\u010dne <strong>v\u00edtan\u00ed aj ke\u010f<\/strong> <strong>nie ste<\/strong> u n\u00e1s <strong>ubytovan\u00ed<\/strong>. <br><\/p>\n\n\n\n<p>Vychutnajte si plnohodnotn\u00e9 wellness centrum. K dispoz\u00edcii je V\u00e1m 13 metrov\u00fd baz\u00e9n, such\u00e1 sauna, parn\u00e1 sauna, ochladzovacia ka\u010fa, relaxa\u010dn\u00e1 miestnos\u0165 a mas\u00e1\u017ena miestnos\u0165. <br><\/p>\n\n\n\n<p><strong>Vysaunujte sa pred span\u00edm &#8211; zmenili sme pre v\u00e1s otv\u00e1racie hodiny &#8211; piatky a soboty m\u00e1me wellness otvoren\u00e9 do 22.00 hod. . <\/strong>Posledn\u00fd vstup je mo\u017en\u00e9 zak\u00fapi\u0165 si do 19.45 hod. <\/p>\n\n\n\n<p>Otv\u00e1racie hodiny:<\/p>\n\n\n\n<div class=\"wp-block-columns is-layout-flex wp-container-core-columns-is-layout-9d6595d7 wp-block-columns-is-layout-flex\">\n<div class=\"wp-block-column is-layout-flow wp-block-column-is-layout-flow\" style=\"flex-basis:100%\">\n<div class=\"wp-block-group\"><div class=\"wp-block-group__inner-container is-layout-flow wp-block-group-is-layout-flow\">\n<figure class=\"wp-block-table is-style-regular\"><table><tbody><tr><td>pondelok<\/td><td>12.00 &#8211; 20.00<\/td><\/tr><tr><td>utorok<\/td><td>12.00 &#8211; 20.00<\/td><\/tr><tr><td>streda<\/td><td>12.00 &#8211; 20.00<\/td><\/tr><tr><td>\u0161tvrtok<\/td><td>12.00 &#8211; 20.00<\/td><\/tr><tr><td>piatok<\/td><td>12.00 &#8211; 22.00<\/td><\/tr><tr><td>sobota<\/td><td>12.00 &#8211; 22.00<\/td><\/tr><tr><td>nede\u013ea <\/td><td>12.00 &#8211; 20.00<\/td><\/tr><\/tbody><\/table><\/figure>\n\n\n\n<p><\/p>\n<\/div><\/div>\n<\/div>\n<\/div>\n\n\n\n<p>Ubytovan\u00ed hostia maj\u00fa vstup do wellness aj mimo otv\u00e1rac\u00edch hod\u00edn pre verejnos\u0165.  <br><\/p>\n\n\n\n<p>Aby sme zabezpe\u010dili maxim\u00e1lne pohodlie ka\u017ed\u00e9ho hos\u0165a, je vyu\u017eitie wellness limitovan\u00e9 obsadenos\u0165ou.<\/p>\n\n\n\n<p>Pre <span style=\"font-weight: 600;\">rezerv\u00e1cie<\/span>, inform\u00e1cie o aktu\u00e1lnej obsadenosti a objedn\u00e1vky proced\u00far je tu pre v\u00e1s na\u0161a recepcia na \u010d\u00edsle +421 918 500 373.<\/p>\n\n\n\n<p>Nech sa p\u00e1\u010di, <a href=\"https:\/\/hotelsiglisberg.sk\/wp-content\/uploads\/2026\/01\/cennik-wellness-2026-jan.pdf\">wellness cenn\u00edk<\/a> a <a href=\"https:\/\/hotelsiglisberg.sk\/wp-content\/uploads\/2026\/02\/cennik-masaze-2026-jan.pdf\">cenn\u00edk mas\u00e1\u017e\u00ed.<\/a><\/p>\n\n\n\n<p><\/p>\n\n\n\n<p><br><\/p>\n\n\n\n<figure class=\"wp-block-image size-large\"><img fetchpriority=\"high\" decoding=\"async\" width=\"1024\" height=\"683\" src=\"https:\/\/hotelsiglisberg.sk\/wp-content\/uploads\/2021\/08\/F4B86F2E-234F-4B17-8347-5D1B3A2ED262-1024x683.jpeg\" alt=\"\" class=\"wp-image-525\" srcset=\"https:\/\/hotelsiglisberg.sk\/wp-content\/uploads\/2021\/08\/F4B86F2E-234F-4B17-8347-5D1B3A2ED262-1024x683.jpeg 1024w, https:\/\/hotelsiglisberg.sk\/wp-content\/uploads\/2021\/08\/F4B86F2E-234F-4B17-8347-5D1B3A2ED262-300x200.jpeg 300w, https:\/\/hotelsiglisberg.sk\/wp-content\/uploads\/2021\/08\/F4B86F2E-234F-4B17-8347-5D1B3A2ED262-768x512.jpeg 768w, https:\/\/hotelsiglisberg.sk\/wp-content\/uploads\/2021\/08\/F4B86F2E-234F-4B17-8347-5D1B3A2ED262-1536x1024.jpeg 1536w, https:\/\/hotelsiglisberg.sk\/wp-content\/uploads\/2021\/08\/F4B86F2E-234F-4B17-8347-5D1B3A2ED262.jpeg 2048w\" sizes=\"(max-width: 767px) 89vw, (max-width: 1000px) 54vw, (max-width: 1071px) 543px, 580px\" \/><\/figure>\n\n\n\n<figure class=\"wp-block-image size-large\"><img decoding=\"async\" width=\"1024\" height=\"685\" src=\"https:\/\/hotelsiglisberg.sk\/wp-content\/uploads\/2021\/08\/B8D942A7-D15B-4DCC-B97C-51EE25E41E57-1024x685.jpeg\" alt=\"\" class=\"wp-image-524\" srcset=\"https:\/\/hotelsiglisberg.sk\/wp-content\/uploads\/2021\/08\/B8D942A7-D15B-4DCC-B97C-51EE25E41E57-1024x685.jpeg 1024w, https:\/\/hotelsiglisberg.sk\/wp-content\/uploads\/2021\/08\/B8D942A7-D15B-4DCC-B97C-51EE25E41E57-300x201.jpeg 300w, https:\/\/hotelsiglisberg.sk\/wp-content\/uploads\/2021\/08\/B8D942A7-D15B-4DCC-B97C-51EE25E41E57-768x513.jpeg 768w, https:\/\/hotelsiglisberg.sk\/wp-content\/uploads\/2021\/08\/B8D942A7-D15B-4DCC-B97C-51EE25E41E57-1536x1027.jpeg 1536w, https:\/\/hotelsiglisberg.sk\/wp-content\/uploads\/2021\/08\/B8D942A7-D15B-4DCC-B97C-51EE25E41E57.jpeg 2048w\" sizes=\"(max-width: 767px) 89vw, (max-width: 1000px) 54vw, (max-width: 1071px) 543px, 580px\" \/><\/figure>\n\n\n\n<figure class=\"wp-block-image size-large\"><img decoding=\"async\" width=\"1024\" height=\"683\" src=\"https:\/\/hotelsiglisberg.sk\/wp-content\/uploads\/2021\/08\/75661884-9599-4AF0-AB00-BEBAA7AA3989-1024x683.jpeg\" alt=\"\" class=\"wp-image-548\" srcset=\"https:\/\/hotelsiglisberg.sk\/wp-content\/uploads\/2021\/08\/75661884-9599-4AF0-AB00-BEBAA7AA3989-1024x683.jpeg 1024w, https:\/\/hotelsiglisberg.sk\/wp-content\/uploads\/2021\/08\/75661884-9599-4AF0-AB00-BEBAA7AA3989-300x200.jpeg 300w, https:\/\/hotelsiglisberg.sk\/wp-content\/uploads\/2021\/08\/75661884-9599-4AF0-AB00-BEBAA7AA3989-768x512.jpeg 768w, https:\/\/hotelsiglisberg.sk\/wp-content\/uploads\/2021\/08\/75661884-9599-4AF0-AB00-BEBAA7AA3989-1536x1024.jpeg 1536w, https:\/\/hotelsiglisberg.sk\/wp-content\/uploads\/2021\/08\/75661884-9599-4AF0-AB00-BEBAA7AA3989.jpeg 2048w\" sizes=\"(max-width: 767px) 89vw, (max-width: 1000px) 54vw, (max-width: 1071px) 543px, 580px\" \/><\/figure>\n","protected":false},"excerpt":{"rendered":"<p>Vo wellness hotela Siglisberg**** ste srde\u010dne v\u00edtan\u00ed aj ke\u010f nie ste u n\u00e1s ubytovan\u00ed. Vychutnajte si plnohodnotn\u00e9 wellness centrum. K dispoz\u00edcii je V\u00e1m 13 metrov\u00fd baz\u00e9n, such\u00e1 sauna, parn\u00e1 sauna, ochladzovacia ka\u010fa, relaxa\u010dn\u00e1 miestnos\u0165 a mas\u00e1\u017ena miestnos\u0165. Vysaunujte sa pred span\u00edm &#8211; zmenili sme pre v\u00e1s otv\u00e1racie hodiny &#8211; piatky a soboty m\u00e1me wellness otvoren\u00e9 &hellip; <\/p>\n<p class=\"link-more\"><a href=\"https:\/\/hotelsiglisberg.sk\/?page_id=54\" class=\"more-link\">Pokra\u010dova\u0165 v \u010d\u00edtan\u00ed<span class=\"screen-reader-text\"> &#8222;Wellness a vo\u013en\u00fd \u010das&#8220;<\/span><\/a><\/p>\n","protected":false},"author":1,"featured_media":0,"parent":0,"menu_order":0,"comment_status":"closed","ping_status":"closed","template":"","meta":{"footnotes":""},"class_list":["post-54","page","type-page","status-publish","hentry"],"_links":{"self":[{"href":"https:\/\/hotelsiglisberg.sk\/index.php?rest_route=\/wp\/v2\/pages\/54","targetHints":{"allow":["GET"]}}],"collection":[{"href":"https:\/\/hotelsiglisberg.sk\/index.php?rest_route=\/wp\/v2\/pages"}],"about":[{"href":"https:\/\/hotelsiglisberg.sk\/index.php?rest_route=\/wp\/v2\/types\/page"}],"author":[{"embeddable":true,"href":"https:\/\/hotelsiglisberg.sk\/index.php?rest_route=\/wp\/v2\/users\/1"}],"replies":[{"embeddable":true,"href":"https:\/\/hotelsiglisberg.sk\/index.php?rest_route=%2Fwp%2Fv2%2Fcomments&post=54"}],"version-history":[{"count":48,"href":"https:\/\/hotelsiglisberg.sk\/index.php?rest_route=\/wp\/v2\/pages\/54\/revisions"}],"predecessor-version":[{"id":1455,"href":"https:\/\/hotelsiglisberg.sk\/index.php?rest_route=\/wp\/v2\/pages\/54\/revisions\/1455"}],"wp:attachment":[{"href":"https:\/\/hotelsiglisberg.sk\/index.php?rest_route=%2Fwp%2Fv2%2Fmedia&parent=54"}],"curies":[{"name":"wp","href":"https:\/\/api.w.org\/{rel}","templated":true}]}}