{"id":55,"date":"2021-04-23T15:49:59","date_gmt":"2021-04-23T13:49:59","guid":{"rendered":"https:\/\/hotelsiglisberg.sk\/?page_id=55"},"modified":"2021-12-08T23:31:46","modified_gmt":"2021-12-08T22:31:46","slug":"ubytovanie","status":"publish","type":"page","link":"https:\/\/hotelsiglisberg.sk\/?page_id=55","title":{"rendered":"Izby, apartm\u00e1ny a depandance"},"content":{"rendered":"\n<p>Budova hotela je <strong>n\u00e1rodnou kult\u00farnou pamiatkou<\/strong>. Jeho rekon\u0161trukcia bola preto ove\u013ea n\u00e1ro\u010dnej\u0161ia. Dispozi\u010dn\u00e9 rie\u0161enia izieb a ich rozlo\u017eenie boli limitovan\u00e9 p\u00f4vodn\u00fdm stavom budovy.<\/p>\n\n\n\n<p>Rekon\u0161trukcia priniesla <strong>dva typy dvojl\u00f4\u017ekov\u00fdch izieb<\/strong> a <strong>apartm\u00e1ny<\/strong>. Celkom je k dispoz\u00edcii 8 dvojl\u00f4\u017ekov\u00fdch izieb, 2 apartm\u00e1ny a 13 pr\u00edsteliek. <strong>Ni\u017e\u0161ia kapacita ubytovania je z\u00e1rukou s\u00fakromia, pohody a pokojn\u00e9ho pobytu. <\/strong><\/p>\n\n\n\n<p>Nieko\u013eko krokov od hotela sa nach\u00e1dza n\u00e1\u0161 <strong>depandance<\/strong> v podobe <strong>Ban\u00edckeho dom\u010deka Siglisberg<\/strong> a poskytuje mo\u017enos\u0165 nav\u00fd\u0161enia ubytovacej kapacity hotela. <\/p>\n\n\n\n<p>Vo v\u0161etk\u00fdch izb\u00e1ch je samozrejmos\u0165ou <strong>LCD telev\u00edzor,<\/strong> <strong>minibar<\/strong>, <strong>\u010dajov\u00fd servis<\/strong>, <strong>trezor<\/strong>, <strong>\u017eupan<\/strong> a <strong>papu\u010dky<\/strong>. Podkrovn\u00e9 izby s\u00fa klimatizovan\u00e9.<\/p>\n\n\n\n<p>Pre na\u0161ich <strong>detsk\u00fdch host\u00ed<\/strong> m\u00e1me pripraven\u00e9 detsk\u00e9 ve\u013ekosti<strong> \u017eupanov<\/strong> a <strong>\u0161peci\u00e1lnu <\/strong>detsk\u00e1<strong> hotelov\u00fa kozmetiku<\/strong>. Pre t\u00fdch najmen\u0161\u00edch <strong>detsk\u00e9 postie\u013eky<\/strong> \u010di <strong>ohrieva\u010d na f\u013ea\u0161e<\/strong>.<\/p>\n\n\n\n<p>Na <strong>va\u0161om pohodl\u00ed<\/strong> n\u00e1m <strong>z\u00e1le\u017e\u00ed<\/strong>. Kvalitn\u00e1 <strong>dama\u0161kov\u00e1 poste\u013en\u00e1 bielize\u0148<\/strong> je nutnos\u0165ou, rovnako ako aj \u0161etrn\u00e1 <strong>hotelov\u00e1 kozmetika<\/strong> s pr\u00edrodn\u00fdmi zlo\u017ekami a <strong>araganov\u00fdm olejom<\/strong>. Jej obaly s\u00fa navy\u0161e vyr\u00e1ban\u00e9 z biologicky rozlo\u017eite\u013en\u00fdch materi\u00e1lov.<\/p>\n\n\n\n<p>Dom\u00e1ce zvieratk\u00e1 priamo v hoteli neubytov\u00e1vame, <strong>radi<\/strong> v\u00e1s v\u0161ak s va\u0161im <strong>dom\u00e1cim mil\u00e1\u010dikom ubytujeme<\/strong> v na\u0161om <strong>depandance<\/strong>. Po va\u0161om odchode venujeme izbe zv\u00fd\u0161en\u00fa pozornos\u0165 a \u0161peci\u00e1lne \u010distiace pr\u00edpravky.<\/p>\n\n\n\n<p><\/p>\n","protected":false},"excerpt":{"rendered":"<p>Budova hotela je n\u00e1rodnou kult\u00farnou pamiatkou. Jeho rekon\u0161trukcia bola preto ove\u013ea n\u00e1ro\u010dnej\u0161ia. Dispozi\u010dn\u00e9 rie\u0161enia izieb a ich rozlo\u017eenie boli limitovan\u00e9 p\u00f4vodn\u00fdm stavom budovy. Rekon\u0161trukcia priniesla dva typy dvojl\u00f4\u017ekov\u00fdch izieb a apartm\u00e1ny. Celkom je k dispoz\u00edcii 8 dvojl\u00f4\u017ekov\u00fdch izieb, 2 apartm\u00e1ny a 13 pr\u00edsteliek. Ni\u017e\u0161ia kapacita ubytovania je z\u00e1rukou s\u00fakromia, pohody a pokojn\u00e9ho pobytu. Nieko\u013eko krokov &hellip; <\/p>\n<p class=\"link-more\"><a href=\"https:\/\/hotelsiglisberg.sk\/?page_id=55\" class=\"more-link\">Pokra\u010dova\u0165 v \u010d\u00edtan\u00ed<span class=\"screen-reader-text\"> &#8222;Izby, apartm\u00e1ny a depandance&#8220;<\/span><\/a><\/p>\n","protected":false},"author":1,"featured_media":0,"parent":0,"menu_order":0,"comment_status":"closed","ping_status":"closed","template":"","meta":{"footnotes":""},"class_list":["post-55","page","type-page","status-publish","hentry"],"_links":{"self":[{"href":"https:\/\/hotelsiglisberg.sk\/index.php?rest_route=\/wp\/v2\/pages\/55","targetHints":{"allow":["GET"]}}],"collection":[{"href":"https:\/\/hotelsiglisberg.sk\/index.php?rest_route=\/wp\/v2\/pages"}],"about":[{"href":"https:\/\/hotelsiglisberg.sk\/index.php?rest_route=\/wp\/v2\/types\/page"}],"author":[{"embeddable":true,"href":"https:\/\/hotelsiglisberg.sk\/index.php?rest_route=\/wp\/v2\/users\/1"}],"replies":[{"embeddable":true,"href":"https:\/\/hotelsiglisberg.sk\/index.php?rest_route=%2Fwp%2Fv2%2Fcomments&post=55"}],"version-history":[{"count":12,"href":"https:\/\/hotelsiglisberg.sk\/index.php?rest_route=\/wp\/v2\/pages\/55\/revisions"}],"predecessor-version":[{"id":311,"href":"https:\/\/hotelsiglisberg.sk\/index.php?rest_route=\/wp\/v2\/pages\/55\/revisions\/311"}],"wp:attachment":[{"href":"https:\/\/hotelsiglisberg.sk\/index.php?rest_route=%2Fwp%2Fv2%2Fmedia&parent=55"}],"curies":[{"name":"wp","href":"https:\/\/api.w.org\/{rel}","templated":true}]}}