{"id":591,"date":"2021-08-29T19:08:44","date_gmt":"2021-08-29T17:08:44","guid":{"rendered":"https:\/\/hotelsiglisberg.sk\/?page_id=591"},"modified":"2025-07-21T23:24:39","modified_gmt":"2025-07-21T21:24:39","slug":"exterierova-kada","status":"publish","type":"page","link":"https:\/\/hotelsiglisberg.sk\/?page_id=591","title":{"rendered":"Exteri\u00e9rov\u00e1 ka\u010fa"},"content":{"rendered":"\n<p>K\u00fapanie pod hol\u00fdm nebom je z\u00e1\u017eitkom v ka\u017edom ro\u010dnom obdob\u00ed. \u010caro umoc\u0148uje koruna obrovskej duglasky, s\u00fakromie, nako\u013eko ka\u010fa sa nach\u00e1dza v od\u013eahlej\u0161ej \u010dasti hotelovej z\u00e1hrady a n\u00edzky sveteln\u00fd smog. <\/p>\n\n\n\n<p>Na\u0161a dreven\u00e1 exteri\u00e9rov\u00e1 ka\u010fa: <br>\u2022 m\u00e1 kapacitu max \u00a06 os\u00f4b<br>\u2022 je v prev\u00e1dzke celoro\u010dne<br>\u2022 ako s\u00fa\u010das\u0165 saunovej proced\u00fary, bez ohrevu, kedy teplota vody dosahuje cca 10\u00b0C \/ cena gr\u00e1tis<br>\u2022 <strong>k dispoz\u00edcii tie\u017e ako tepl\u00fd k\u00fape\u013e s teplotou vody cca 36\u00b0C &#8211; 38\u00b0C, nutn\u00e1 rezerv\u00e1cia 24 hod vopred \/ cena 120\u20ac<\/strong><\/p>\n\n\n\n<p>Mili hostia, upozor\u0148ujeme, \u017ee  v hor\u00facom k\u00fapeli sa neodpor\u00fa\u010da pobyt dlh\u0161\u00ed ako 2 hodiny.&nbsp;<\/p>\n\n\n\n<p>Pokia\u013e nie ste u n\u00e1s ubytovan\u00ed a \u017eel\u00e1te si vyu\u017ei\u0165 t\u00fato slu\u017ebu  je V\u00e1m samozrejme k dispoz\u00edcii wellness \u0161at\u0148a. Wellness recepcia taktie\u017e zabezpe\u010d\u00ed \u017eupan alebo osu\u0161ku. Konzum\u00e1cia n\u00e1pojov v kadi je mo\u017en\u00e1, obr\u00e1\u0165te sa, pros\u00edm, na obsluhuj\u00faci person\u00e1l. Poplatky za zapo\u017ei\u010danie \u017eupanu \/ osu\u0161ky alebo slu\u017eieb \u010da\u0161n\u00edka \u00fa\u010dtujeme v zmysle aktu\u00e1lneho cenn\u00edka.<\/p>\n\n\n\n<figure class=\"wp-block-image size-large\"><img fetchpriority=\"high\" decoding=\"async\" width=\"819\" height=\"1024\" src=\"https:\/\/hotelsiglisberg.sk\/wp-content\/uploads\/2021\/09\/67580A63-2A2C-430E-87A0-81A29F162445-819x1024.jpeg\" alt=\"\" class=\"wp-image-629\" srcset=\"https:\/\/hotelsiglisberg.sk\/wp-content\/uploads\/2021\/09\/67580A63-2A2C-430E-87A0-81A29F162445-819x1024.jpeg 819w, https:\/\/hotelsiglisberg.sk\/wp-content\/uploads\/2021\/09\/67580A63-2A2C-430E-87A0-81A29F162445-240x300.jpeg 240w, https:\/\/hotelsiglisberg.sk\/wp-content\/uploads\/2021\/09\/67580A63-2A2C-430E-87A0-81A29F162445-768x960.jpeg 768w, https:\/\/hotelsiglisberg.sk\/wp-content\/uploads\/2021\/09\/67580A63-2A2C-430E-87A0-81A29F162445-1229x1536.jpeg 1229w, https:\/\/hotelsiglisberg.sk\/wp-content\/uploads\/2021\/09\/67580A63-2A2C-430E-87A0-81A29F162445.jpeg 1440w\" sizes=\"(max-width: 767px) 89vw, (max-width: 1000px) 54vw, (max-width: 1071px) 543px, 580px\" \/><figcaption class=\"wp-element-caption\">Za foto \u00faprimne \u010fakujeme sweetladylollipop.<\/figcaption><\/figure>\n\n\n\n<p><\/p>\n","protected":false},"excerpt":{"rendered":"<p>K\u00fapanie pod hol\u00fdm nebom je z\u00e1\u017eitkom v ka\u017edom ro\u010dnom obdob\u00ed. \u010caro umoc\u0148uje koruna obrovskej duglasky, s\u00fakromie, nako\u013eko ka\u010fa sa nach\u00e1dza v od\u013eahlej\u0161ej \u010dasti hotelovej z\u00e1hrady a n\u00edzky sveteln\u00fd smog. Na\u0161a dreven\u00e1 exteri\u00e9rov\u00e1 ka\u010fa: \u2022 m\u00e1 kapacitu max \u00a06 os\u00f4b\u2022 je v prev\u00e1dzke celoro\u010dne\u2022 ako s\u00fa\u010das\u0165 saunovej proced\u00fary, bez ohrevu, kedy teplota vody dosahuje cca 10\u00b0C &hellip; <\/p>\n<p class=\"link-more\"><a href=\"https:\/\/hotelsiglisberg.sk\/?page_id=591\" class=\"more-link\">Pokra\u010dova\u0165 v \u010d\u00edtan\u00ed<span class=\"screen-reader-text\"> &#8222;Exteri\u00e9rov\u00e1 ka\u010fa&#8220;<\/span><\/a><\/p>\n","protected":false},"author":3,"featured_media":0,"parent":0,"menu_order":0,"comment_status":"closed","ping_status":"closed","template":"","meta":{"footnotes":""},"class_list":["post-591","page","type-page","status-publish","hentry"],"_links":{"self":[{"href":"https:\/\/hotelsiglisberg.sk\/index.php?rest_route=\/wp\/v2\/pages\/591","targetHints":{"allow":["GET"]}}],"collection":[{"href":"https:\/\/hotelsiglisberg.sk\/index.php?rest_route=\/wp\/v2\/pages"}],"about":[{"href":"https:\/\/hotelsiglisberg.sk\/index.php?rest_route=\/wp\/v2\/types\/page"}],"author":[{"embeddable":true,"href":"https:\/\/hotelsiglisberg.sk\/index.php?rest_route=\/wp\/v2\/users\/3"}],"replies":[{"embeddable":true,"href":"https:\/\/hotelsiglisberg.sk\/index.php?rest_route=%2Fwp%2Fv2%2Fcomments&post=591"}],"version-history":[{"count":13,"href":"https:\/\/hotelsiglisberg.sk\/index.php?rest_route=\/wp\/v2\/pages\/591\/revisions"}],"predecessor-version":[{"id":1331,"href":"https:\/\/hotelsiglisberg.sk\/index.php?rest_route=\/wp\/v2\/pages\/591\/revisions\/1331"}],"wp:attachment":[{"href":"https:\/\/hotelsiglisberg.sk\/index.php?rest_route=%2Fwp%2Fv2%2Fmedia&parent=591"}],"curies":[{"name":"wp","href":"https:\/\/api.w.org\/{rel}","templated":true}]}}