{"id":64,"date":"2021-04-23T15:54:41","date_gmt":"2021-04-23T13:54:41","guid":{"rendered":"https:\/\/hotelsiglisberg.sk\/?page_id=64"},"modified":"2025-11-13T15:18:25","modified_gmt":"2025-11-13T14:18:25","slug":"kongres","status":"publish","type":"page","link":"https:\/\/hotelsiglisberg.sk\/?page_id=64","title":{"rendered":"Kongresy a eventy"},"content":{"rendered":"\n<p>Kongres v Banskej \u0160tiavnici pon\u00faka naozaj bohat\u00e9 a zauj\u00edmav\u00e9 mo\u017enosti doplnkov\u00e9ho programu a aktiv\u00edt. Slabou str\u00e1nkou tejto lokality je v\u0161ak parkovacia kapacita a komplexnos\u0165 kongresov\u00fdch slu\u017eieb. P\u00e1r min\u00fat jazdy autom od Banskej \u0160tiavnice pon\u00fakame mo\u017enos\u0165 sk\u013abenia zauj\u00edmav\u00fdch aktiv\u00edt a atrakci\u00ed mesta Bansk\u00e1 \u0160tiavnica s profesion\u00e1lnymi kongresov\u00fdmi slu\u017ebami a pr\u00edstupom. <br><br>Siglisberg**** boutique hotel pon\u00faka <strong>kongresov\u00fa s\u00e1lu<\/strong>, kompletn\u00e9 kongresov\u00e9 vybavenie, <strong>sal\u00f3nik<\/strong> na neform\u00e1lne rokovania, <strong>coffee breaky<\/strong>, ob\u010derstvenie na v\u00fdlety, <strong>bufetov\u00fa<\/strong> alebo<strong> serv\u00edrovan\u00fa<\/strong> formu stravovania, <strong>kongresov\u00e9<\/strong> <strong>bal\u00ed\u010dky<\/strong>, dostatok parkovac\u00edch kapac\u00edt, bohat\u00e9 exteri\u00e9rov\u00e9 mo\u017enosti, skvel\u00e9 tipy na <strong>teambuildingov\u00e9<\/strong> <strong>aktivity<\/strong>, kvalitn\u00e9 <strong>v\u00edna<\/strong> mal\u00fdch rodinn\u00fdch vin\u00e1rstiev, <strong>wellness<\/strong> a mas\u00e1\u017ee. Bonusom je ur\u010dite i samotn\u00e9 prostredie hotela a celkov\u00e1 atmosf\u00e9ra miesta. <br><\/p>\n\n\n\n<p><\/p>\n\n\n\n<figure class=\"wp-block-image size-large\"><img fetchpriority=\"high\" decoding=\"async\" width=\"768\" height=\"1024\" src=\"https:\/\/hotelsiglisberg.sk\/wp-content\/uploads\/2021\/09\/C1211EE6-F3F4-4548-BBF3-4C532E57EDAE-768x1024.jpeg\" alt=\"\" class=\"wp-image-689\" srcset=\"https:\/\/hotelsiglisberg.sk\/wp-content\/uploads\/2021\/09\/C1211EE6-F3F4-4548-BBF3-4C532E57EDAE-768x1024.jpeg 768w, https:\/\/hotelsiglisberg.sk\/wp-content\/uploads\/2021\/09\/C1211EE6-F3F4-4548-BBF3-4C532E57EDAE-225x300.jpeg 225w, https:\/\/hotelsiglisberg.sk\/wp-content\/uploads\/2021\/09\/C1211EE6-F3F4-4548-BBF3-4C532E57EDAE-1152x1536.jpeg 1152w, https:\/\/hotelsiglisberg.sk\/wp-content\/uploads\/2021\/09\/C1211EE6-F3F4-4548-BBF3-4C532E57EDAE-1536x2048.jpeg 1536w, https:\/\/hotelsiglisberg.sk\/wp-content\/uploads\/2021\/09\/C1211EE6-F3F4-4548-BBF3-4C532E57EDAE-scaled.jpeg 1920w\" sizes=\"(max-width: 767px) 89vw, (max-width: 1000px) 54vw, (max-width: 1071px) 543px, 580px\" \/><\/figure>\n\n\n\n<figure class=\"wp-block-image size-large\"><img decoding=\"async\" width=\"768\" height=\"1024\" src=\"https:\/\/hotelsiglisberg.sk\/wp-content\/uploads\/2025\/11\/7-768x1024.jpg\" alt=\"\" class=\"wp-image-1366\" srcset=\"https:\/\/hotelsiglisberg.sk\/wp-content\/uploads\/2025\/11\/7-768x1024.jpg 768w, https:\/\/hotelsiglisberg.sk\/wp-content\/uploads\/2025\/11\/7-225x300.jpg 225w, https:\/\/hotelsiglisberg.sk\/wp-content\/uploads\/2025\/11\/7-1152x1536.jpg 1152w, https:\/\/hotelsiglisberg.sk\/wp-content\/uploads\/2025\/11\/7-1536x2048.jpg 1536w, https:\/\/hotelsiglisberg.sk\/wp-content\/uploads\/2025\/11\/7-scaled.jpg 1920w\" sizes=\"(max-width: 767px) 89vw, (max-width: 1000px) 54vw, (max-width: 1071px) 543px, 580px\" \/><\/figure>\n\n\n\n<figure class=\"wp-block-image size-large\"><img decoding=\"async\" width=\"768\" height=\"1024\" src=\"https:\/\/hotelsiglisberg.sk\/wp-content\/uploads\/2025\/11\/1-768x1024.jpg\" alt=\"\" class=\"wp-image-1367\" srcset=\"https:\/\/hotelsiglisberg.sk\/wp-content\/uploads\/2025\/11\/1-768x1024.jpg 768w, https:\/\/hotelsiglisberg.sk\/wp-content\/uploads\/2025\/11\/1-225x300.jpg 225w, https:\/\/hotelsiglisberg.sk\/wp-content\/uploads\/2025\/11\/1-1152x1536.jpg 1152w, https:\/\/hotelsiglisberg.sk\/wp-content\/uploads\/2025\/11\/1.jpg 1536w\" sizes=\"(max-width: 767px) 89vw, (max-width: 1000px) 54vw, (max-width: 1071px) 543px, 580px\" \/><\/figure>\n\n\n\n<figure class=\"wp-block-image size-large\"><img loading=\"lazy\" decoding=\"async\" width=\"768\" height=\"1024\" src=\"https:\/\/hotelsiglisberg.sk\/wp-content\/uploads\/2025\/11\/2-768x1024.jpg\" alt=\"\" class=\"wp-image-1368\" srcset=\"https:\/\/hotelsiglisberg.sk\/wp-content\/uploads\/2025\/11\/2-768x1024.jpg 768w, https:\/\/hotelsiglisberg.sk\/wp-content\/uploads\/2025\/11\/2-225x300.jpg 225w, https:\/\/hotelsiglisberg.sk\/wp-content\/uploads\/2025\/11\/2.jpg 960w\" sizes=\"(max-width: 767px) 89vw, (max-width: 1000px) 54vw, (max-width: 1071px) 543px, 580px\" \/><\/figure>\n\n\n\n<figure class=\"wp-block-image size-large\"><img loading=\"lazy\" decoding=\"async\" width=\"768\" height=\"1024\" src=\"https:\/\/hotelsiglisberg.sk\/wp-content\/uploads\/2025\/11\/IMG_6238-768x1024.jpg\" alt=\"\" class=\"wp-image-1372\" srcset=\"https:\/\/hotelsiglisberg.sk\/wp-content\/uploads\/2025\/11\/IMG_6238-768x1024.jpg 768w, https:\/\/hotelsiglisberg.sk\/wp-content\/uploads\/2025\/11\/IMG_6238-225x300.jpg 225w, https:\/\/hotelsiglisberg.sk\/wp-content\/uploads\/2025\/11\/IMG_6238-1152x1536.jpg 1152w, https:\/\/hotelsiglisberg.sk\/wp-content\/uploads\/2025\/11\/IMG_6238-1536x2048.jpg 1536w, https:\/\/hotelsiglisberg.sk\/wp-content\/uploads\/2025\/11\/IMG_6238-scaled.jpg 1920w\" sizes=\"(max-width: 767px) 89vw, (max-width: 1000px) 54vw, (max-width: 1071px) 543px, 580px\" \/><\/figure>\n\n\n\n<figure class=\"wp-block-image size-large\"><img loading=\"lazy\" decoding=\"async\" width=\"768\" height=\"1024\" src=\"https:\/\/hotelsiglisberg.sk\/wp-content\/uploads\/2025\/11\/5-768x1024.jpg\" alt=\"\" class=\"wp-image-1371\" srcset=\"https:\/\/hotelsiglisberg.sk\/wp-content\/uploads\/2025\/11\/5-768x1024.jpg 768w, https:\/\/hotelsiglisberg.sk\/wp-content\/uploads\/2025\/11\/5-225x300.jpg 225w, https:\/\/hotelsiglisberg.sk\/wp-content\/uploads\/2025\/11\/5-1152x1536.jpg 1152w, https:\/\/hotelsiglisberg.sk\/wp-content\/uploads\/2025\/11\/5-rotated.jpg 1512w\" sizes=\"(max-width: 767px) 89vw, (max-width: 1000px) 54vw, (max-width: 1071px) 543px, 580px\" \/><\/figure>\n\n\n\n<figure class=\"wp-block-image size-large\"><img loading=\"lazy\" decoding=\"async\" width=\"768\" height=\"1024\" src=\"https:\/\/hotelsiglisberg.sk\/wp-content\/uploads\/2025\/11\/8-768x1024.jpg\" alt=\"\" class=\"wp-image-1370\" srcset=\"https:\/\/hotelsiglisberg.sk\/wp-content\/uploads\/2025\/11\/8-768x1024.jpg 768w, https:\/\/hotelsiglisberg.sk\/wp-content\/uploads\/2025\/11\/8-225x300.jpg 225w, https:\/\/hotelsiglisberg.sk\/wp-content\/uploads\/2025\/11\/8-1152x1536.jpg 1152w, https:\/\/hotelsiglisberg.sk\/wp-content\/uploads\/2025\/11\/8-rotated.jpg 1512w\" sizes=\"(max-width: 767px) 89vw, (max-width: 1000px) 54vw, (max-width: 1071px) 543px, 580px\" \/><\/figure>\n\n\n\n<figure class=\"wp-block-image size-large\"><img loading=\"lazy\" decoding=\"async\" width=\"577\" height=\"1024\" src=\"https:\/\/hotelsiglisberg.sk\/wp-content\/uploads\/2025\/11\/6-577x1024.jpg\" alt=\"\" class=\"wp-image-1369\" srcset=\"https:\/\/hotelsiglisberg.sk\/wp-content\/uploads\/2025\/11\/6-577x1024.jpg 577w, https:\/\/hotelsiglisberg.sk\/wp-content\/uploads\/2025\/11\/6-169x300.jpg 169w, https:\/\/hotelsiglisberg.sk\/wp-content\/uploads\/2025\/11\/6-768x1364.jpg 768w, https:\/\/hotelsiglisberg.sk\/wp-content\/uploads\/2025\/11\/6-865x1536.jpg 865w, https:\/\/hotelsiglisberg.sk\/wp-content\/uploads\/2025\/11\/6.jpg 901w\" sizes=\"(max-width: 577px) 100vw, 577px\" \/><\/figure>\n","protected":false},"excerpt":{"rendered":"<p>Kongres v Banskej \u0160tiavnici pon\u00faka naozaj bohat\u00e9 a zauj\u00edmav\u00e9 mo\u017enosti doplnkov\u00e9ho programu a aktiv\u00edt. Slabou str\u00e1nkou tejto lokality je v\u0161ak parkovacia kapacita a komplexnos\u0165 kongresov\u00fdch slu\u017eieb. P\u00e1r min\u00fat jazdy autom od Banskej \u0160tiavnice pon\u00fakame mo\u017enos\u0165 sk\u013abenia zauj\u00edmav\u00fdch aktiv\u00edt a atrakci\u00ed mesta Bansk\u00e1 \u0160tiavnica s profesion\u00e1lnymi kongresov\u00fdmi slu\u017ebami a pr\u00edstupom. Siglisberg**** boutique hotel pon\u00faka kongresov\u00fa s\u00e1lu, &hellip; <\/p>\n<p class=\"link-more\"><a href=\"https:\/\/hotelsiglisberg.sk\/?page_id=64\" class=\"more-link\">Pokra\u010dova\u0165 v \u010d\u00edtan\u00ed<span class=\"screen-reader-text\"> &#8222;Kongresy a eventy&#8220;<\/span><\/a><\/p>\n","protected":false},"author":1,"featured_media":0,"parent":0,"menu_order":0,"comment_status":"closed","ping_status":"closed","template":"","meta":{"footnotes":""},"class_list":["post-64","page","type-page","status-publish","hentry"],"_links":{"self":[{"href":"https:\/\/hotelsiglisberg.sk\/index.php?rest_route=\/wp\/v2\/pages\/64","targetHints":{"allow":["GET"]}}],"collection":[{"href":"https:\/\/hotelsiglisberg.sk\/index.php?rest_route=\/wp\/v2\/pages"}],"about":[{"href":"https:\/\/hotelsiglisberg.sk\/index.php?rest_route=\/wp\/v2\/types\/page"}],"author":[{"embeddable":true,"href":"https:\/\/hotelsiglisberg.sk\/index.php?rest_route=\/wp\/v2\/users\/1"}],"replies":[{"embeddable":true,"href":"https:\/\/hotelsiglisberg.sk\/index.php?rest_route=%2Fwp%2Fv2%2Fcomments&post=64"}],"version-history":[{"count":19,"href":"https:\/\/hotelsiglisberg.sk\/index.php?rest_route=\/wp\/v2\/pages\/64\/revisions"}],"predecessor-version":[{"id":1375,"href":"https:\/\/hotelsiglisberg.sk\/index.php?rest_route=\/wp\/v2\/pages\/64\/revisions\/1375"}],"wp:attachment":[{"href":"https:\/\/hotelsiglisberg.sk\/index.php?rest_route=%2Fwp%2Fv2%2Fmedia&parent=64"}],"curies":[{"name":"wp","href":"https:\/\/api.w.org\/{rel}","templated":true}]}}