{"id":77,"date":"2021-04-23T16:25:14","date_gmt":"2021-04-23T14:25:14","guid":{"rendered":"https:\/\/hotelsiglisberg.sk\/?page_id=77"},"modified":"2021-08-01T14:21:16","modified_gmt":"2021-08-01T12:21:16","slug":"izba-exclusive","status":"publish","type":"page","link":"https:\/\/hotelsiglisberg.sk\/?page_id=77","title":{"rendered":"Izby"},"content":{"rendered":"\n<p><strong>Izby exclusive<\/strong> <\/p>\n\n\n\n<p>Tieto izby s\u00fa, neskromne kon\u0161tatujeme, prekr\u00e1sne. Maj\u00fa vysok\u00e9 stropy a v\u010faka ve\u013ek\u00fdm okn\u00e1m a skvelej orient\u00e1cii s\u00fa svetl\u00e9 a vzdu\u0161n\u00e9. Na mieru vyroben\u00fd n\u00e1bytok a starostlivo vyberan\u00e9 doplnky umoc\u0148uj\u00fa pocit pohodlia. <br><\/p>\n\n\n\n<figure class=\"wp-block-image size-large\"><img fetchpriority=\"high\" decoding=\"async\" width=\"1024\" height=\"683\" src=\"https:\/\/hotelsiglisberg.sk\/wp-content\/uploads\/2021\/08\/F8928D64-CDC4-4634-AADB-6E57872E8564-1024x683.jpeg\" alt=\"\" class=\"wp-image-517\" srcset=\"https:\/\/hotelsiglisberg.sk\/wp-content\/uploads\/2021\/08\/F8928D64-CDC4-4634-AADB-6E57872E8564-1024x683.jpeg 1024w, https:\/\/hotelsiglisberg.sk\/wp-content\/uploads\/2021\/08\/F8928D64-CDC4-4634-AADB-6E57872E8564-300x200.jpeg 300w, https:\/\/hotelsiglisberg.sk\/wp-content\/uploads\/2021\/08\/F8928D64-CDC4-4634-AADB-6E57872E8564-768x512.jpeg 768w, https:\/\/hotelsiglisberg.sk\/wp-content\/uploads\/2021\/08\/F8928D64-CDC4-4634-AADB-6E57872E8564-1536x1024.jpeg 1536w, https:\/\/hotelsiglisberg.sk\/wp-content\/uploads\/2021\/08\/F8928D64-CDC4-4634-AADB-6E57872E8564.jpeg 2048w\" sizes=\"(max-width: 767px) 89vw, (max-width: 1000px) 54vw, (max-width: 1071px) 543px, 580px\" \/><\/figure>\n\n\n\n<p><strong>Izby standard<\/strong> <\/p>\n\n\n\n<p>Vybavenie t\u00fdchto izieb ni\u010d\u00edm nezaost\u00e1va za izbami exclusive. S\u00fa to izby podkrovn\u00e9ho typu, nep\u00f4sobia tak vzdu\u0161ne. V izb\u00e1ch sa nach\u00e1dzaj\u00fa priznan\u00e9 p\u00f4vodn\u00e9 tr\u00e1my, ktor\u00e9 sa n\u00e1m podarilo zachova\u0165.<\/p>\n\n\n\n<figure class=\"wp-block-image size-large\"><img decoding=\"async\" width=\"1024\" height=\"692\" src=\"https:\/\/hotelsiglisberg.sk\/wp-content\/uploads\/2021\/08\/42BB0190-F4A5-41C8-8FB8-3F4DC898516D-1024x692.jpeg\" alt=\"\" class=\"wp-image-514\" srcset=\"https:\/\/hotelsiglisberg.sk\/wp-content\/uploads\/2021\/08\/42BB0190-F4A5-41C8-8FB8-3F4DC898516D-1024x692.jpeg 1024w, https:\/\/hotelsiglisberg.sk\/wp-content\/uploads\/2021\/08\/42BB0190-F4A5-41C8-8FB8-3F4DC898516D-300x203.jpeg 300w, https:\/\/hotelsiglisberg.sk\/wp-content\/uploads\/2021\/08\/42BB0190-F4A5-41C8-8FB8-3F4DC898516D-768x519.jpeg 768w, https:\/\/hotelsiglisberg.sk\/wp-content\/uploads\/2021\/08\/42BB0190-F4A5-41C8-8FB8-3F4DC898516D-1536x1037.jpeg 1536w, https:\/\/hotelsiglisberg.sk\/wp-content\/uploads\/2021\/08\/42BB0190-F4A5-41C8-8FB8-3F4DC898516D.jpeg 2048w\" sizes=\"(max-width: 767px) 89vw, (max-width: 1000px) 54vw, (max-width: 1071px) 543px, 580px\" \/><\/figure>\n\n\n\n<p><\/p>\n","protected":false},"excerpt":{"rendered":"<p>Izby exclusive Tieto izby s\u00fa, neskromne kon\u0161tatujeme, prekr\u00e1sne. Maj\u00fa vysok\u00e9 stropy a v\u010faka ve\u013ek\u00fdm okn\u00e1m a skvelej orient\u00e1cii s\u00fa svetl\u00e9 a vzdu\u0161n\u00e9. Na mieru vyroben\u00fd n\u00e1bytok a starostlivo vyberan\u00e9 doplnky umoc\u0148uj\u00fa pocit pohodlia. Izby standard Vybavenie t\u00fdchto izieb ni\u010d\u00edm nezaost\u00e1va za izbami exclusive. S\u00fa to izby podkrovn\u00e9ho typu, nep\u00f4sobia tak vzdu\u0161ne. V izb\u00e1ch sa nach\u00e1dzaj\u00fa &hellip; <\/p>\n<p class=\"link-more\"><a href=\"https:\/\/hotelsiglisberg.sk\/?page_id=77\" class=\"more-link\">Pokra\u010dova\u0165 v \u010d\u00edtan\u00ed<span class=\"screen-reader-text\"> &#8222;Izby&#8220;<\/span><\/a><\/p>\n","protected":false},"author":1,"featured_media":0,"parent":0,"menu_order":0,"comment_status":"closed","ping_status":"closed","template":"","meta":{"footnotes":""},"class_list":["post-77","page","type-page","status-publish","hentry"],"_links":{"self":[{"href":"https:\/\/hotelsiglisberg.sk\/index.php?rest_route=\/wp\/v2\/pages\/77","targetHints":{"allow":["GET"]}}],"collection":[{"href":"https:\/\/hotelsiglisberg.sk\/index.php?rest_route=\/wp\/v2\/pages"}],"about":[{"href":"https:\/\/hotelsiglisberg.sk\/index.php?rest_route=\/wp\/v2\/types\/page"}],"author":[{"embeddable":true,"href":"https:\/\/hotelsiglisberg.sk\/index.php?rest_route=\/wp\/v2\/users\/1"}],"replies":[{"embeddable":true,"href":"https:\/\/hotelsiglisberg.sk\/index.php?rest_route=%2Fwp%2Fv2%2Fcomments&post=77"}],"version-history":[{"count":24,"href":"https:\/\/hotelsiglisberg.sk\/index.php?rest_route=\/wp\/v2\/pages\/77\/revisions"}],"predecessor-version":[{"id":519,"href":"https:\/\/hotelsiglisberg.sk\/index.php?rest_route=\/wp\/v2\/pages\/77\/revisions\/519"}],"wp:attachment":[{"href":"https:\/\/hotelsiglisberg.sk\/index.php?rest_route=%2Fwp%2Fv2%2Fmedia&parent=77"}],"curies":[{"name":"wp","href":"https:\/\/api.w.org\/{rel}","templated":true}]}}