{"id":78,"date":"2021-04-23T16:25:14","date_gmt":"2021-04-23T14:25:14","guid":{"rendered":"https:\/\/hotelsiglisberg.sk\/?page_id=78"},"modified":"2021-08-01T14:22:36","modified_gmt":"2021-08-01T12:22:36","slug":"apartmany","status":"publish","type":"page","link":"https:\/\/hotelsiglisberg.sk\/?page_id=78","title":{"rendered":"Apartm\u00e1ny"},"content":{"rendered":"\n<p>Na\u0161e apartm\u00e1ny s\u00fa ve\u013ekorys\u00e9 svojim priestorom. Vzdu\u0161n\u00e9 a svetl\u00e9. Pozost\u00e1vaj\u00fa z ob\u00fdva\u010dky a sp\u00e1lne.<\/p>\n\n\n\n<p>Potrebujete neform\u00e1lny s\u00fakromn\u00fd priestor na rokovanie a \u010dit\u00e1re\u0148 je obsaden\u00e1? Ob\u00fdva\u010dka jedn\u00e9ho z na\u0161ich apartm\u00e1nov je na tieto \u00fa\u010dely ako stvoren\u00e1. Izbov\u00fd servis je samozrejmos\u0165ou. <\/p>\n\n\n\n<p>Apartm\u00e1ny maj\u00fa mo\u017enos\u0165 dvoch alebo troch pr\u00edsteliek preto s\u00fa vhodn\u00e9 aj pre rodiny s de\u0165mi. <\/p>\n\n\n\n<figure class=\"wp-block-image size-large\"><img fetchpriority=\"high\" decoding=\"async\" width=\"1024\" height=\"683\" src=\"https:\/\/hotelsiglisberg.sk\/wp-content\/uploads\/2021\/08\/1201D8B7-98F4-4827-BA88-603020A2BCE1-1024x683.jpeg\" alt=\"\" class=\"wp-image-521\" srcset=\"https:\/\/hotelsiglisberg.sk\/wp-content\/uploads\/2021\/08\/1201D8B7-98F4-4827-BA88-603020A2BCE1-1024x683.jpeg 1024w, https:\/\/hotelsiglisberg.sk\/wp-content\/uploads\/2021\/08\/1201D8B7-98F4-4827-BA88-603020A2BCE1-300x200.jpeg 300w, https:\/\/hotelsiglisberg.sk\/wp-content\/uploads\/2021\/08\/1201D8B7-98F4-4827-BA88-603020A2BCE1-768x512.jpeg 768w, https:\/\/hotelsiglisberg.sk\/wp-content\/uploads\/2021\/08\/1201D8B7-98F4-4827-BA88-603020A2BCE1-1536x1024.jpeg 1536w, https:\/\/hotelsiglisberg.sk\/wp-content\/uploads\/2021\/08\/1201D8B7-98F4-4827-BA88-603020A2BCE1.jpeg 2048w\" sizes=\"(max-width: 767px) 89vw, (max-width: 1000px) 54vw, (max-width: 1071px) 543px, 580px\" \/><\/figure>\n\n\n\n<figure class=\"wp-block-image size-large\"><img decoding=\"async\" width=\"1024\" height=\"683\" src=\"https:\/\/hotelsiglisberg.sk\/wp-content\/uploads\/2021\/08\/5F8D6203-5CFA-4600-9310-45E87D528D00-1024x683.jpeg\" alt=\"\" class=\"wp-image-520\" srcset=\"https:\/\/hotelsiglisberg.sk\/wp-content\/uploads\/2021\/08\/5F8D6203-5CFA-4600-9310-45E87D528D00-1024x683.jpeg 1024w, https:\/\/hotelsiglisberg.sk\/wp-content\/uploads\/2021\/08\/5F8D6203-5CFA-4600-9310-45E87D528D00-300x200.jpeg 300w, https:\/\/hotelsiglisberg.sk\/wp-content\/uploads\/2021\/08\/5F8D6203-5CFA-4600-9310-45E87D528D00-768x512.jpeg 768w, https:\/\/hotelsiglisberg.sk\/wp-content\/uploads\/2021\/08\/5F8D6203-5CFA-4600-9310-45E87D528D00-1536x1024.jpeg 1536w, https:\/\/hotelsiglisberg.sk\/wp-content\/uploads\/2021\/08\/5F8D6203-5CFA-4600-9310-45E87D528D00.jpeg 2048w\" sizes=\"(max-width: 767px) 89vw, (max-width: 1000px) 54vw, (max-width: 1071px) 543px, 580px\" \/><\/figure>\n","protected":false},"excerpt":{"rendered":"<p>Na\u0161e apartm\u00e1ny s\u00fa ve\u013ekorys\u00e9 svojim priestorom. Vzdu\u0161n\u00e9 a svetl\u00e9. Pozost\u00e1vaj\u00fa z ob\u00fdva\u010dky a sp\u00e1lne. Potrebujete neform\u00e1lny s\u00fakromn\u00fd priestor na rokovanie a \u010dit\u00e1re\u0148 je obsaden\u00e1? Ob\u00fdva\u010dka jedn\u00e9ho z na\u0161ich apartm\u00e1nov je na tieto \u00fa\u010dely ako stvoren\u00e1. Izbov\u00fd servis je samozrejmos\u0165ou. Apartm\u00e1ny maj\u00fa mo\u017enos\u0165 dvoch alebo troch pr\u00edsteliek preto s\u00fa vhodn\u00e9 aj pre rodiny s de\u0165mi.<\/p>\n","protected":false},"author":1,"featured_media":0,"parent":0,"menu_order":0,"comment_status":"closed","ping_status":"closed","template":"","meta":{"footnotes":""},"class_list":["post-78","page","type-page","status-publish","hentry"],"_links":{"self":[{"href":"https:\/\/hotelsiglisberg.sk\/index.php?rest_route=\/wp\/v2\/pages\/78","targetHints":{"allow":["GET"]}}],"collection":[{"href":"https:\/\/hotelsiglisberg.sk\/index.php?rest_route=\/wp\/v2\/pages"}],"about":[{"href":"https:\/\/hotelsiglisberg.sk\/index.php?rest_route=\/wp\/v2\/types\/page"}],"author":[{"embeddable":true,"href":"https:\/\/hotelsiglisberg.sk\/index.php?rest_route=\/wp\/v2\/users\/1"}],"replies":[{"embeddable":true,"href":"https:\/\/hotelsiglisberg.sk\/index.php?rest_route=%2Fwp%2Fv2%2Fcomments&post=78"}],"version-history":[{"count":12,"href":"https:\/\/hotelsiglisberg.sk\/index.php?rest_route=\/wp\/v2\/pages\/78\/revisions"}],"predecessor-version":[{"id":523,"href":"https:\/\/hotelsiglisberg.sk\/index.php?rest_route=\/wp\/v2\/pages\/78\/revisions\/523"}],"wp:attachment":[{"href":"https:\/\/hotelsiglisberg.sk\/index.php?rest_route=%2Fwp%2Fv2%2Fmedia&parent=78"}],"curies":[{"name":"wp","href":"https:\/\/api.w.org\/{rel}","templated":true}]}}