{"id":795,"date":"2022-04-10T01:28:08","date_gmt":"2022-04-09T23:28:08","guid":{"rendered":"https:\/\/hotelsiglisberg.sk\/?page_id=795"},"modified":"2025-04-04T21:53:39","modified_gmt":"2025-04-04T19:53:39","slug":"zlavy-a-specialne-akcie","status":"publish","type":"page","link":"https:\/\/hotelsiglisberg.sk\/?page_id=795","title":{"rendered":"AKTU\u00c1LNA PONUKA"},"content":{"rendered":"\n<figure class=\"wp-block-image size-large\"><img fetchpriority=\"high\" decoding=\"async\" width=\"1024\" height=\"383\" src=\"https:\/\/hotelsiglisberg.sk\/wp-content\/uploads\/2025\/01\/baner-FB-zlavy-jan-24-1024x383.jpeg\" alt=\"\" class=\"wp-image-1283\" srcset=\"https:\/\/hotelsiglisberg.sk\/wp-content\/uploads\/2025\/01\/baner-FB-zlavy-jan-24-1024x383.jpeg 1024w, https:\/\/hotelsiglisberg.sk\/wp-content\/uploads\/2025\/01\/baner-FB-zlavy-jan-24-300x112.jpeg 300w, https:\/\/hotelsiglisberg.sk\/wp-content\/uploads\/2025\/01\/baner-FB-zlavy-jan-24-768x287.jpeg 768w, https:\/\/hotelsiglisberg.sk\/wp-content\/uploads\/2025\/01\/baner-FB-zlavy-jan-24-1536x574.jpeg 1536w, https:\/\/hotelsiglisberg.sk\/wp-content\/uploads\/2025\/01\/baner-FB-zlavy-jan-24-2048x765.jpeg 2048w\" sizes=\"(max-width: 767px) 89vw, (max-width: 1000px) 54vw, (max-width: 1071px) 543px, 580px\" \/><\/figure>\n\n\n\n<p><br><strong>Pobytov\u00e9 bal\u00ed\u010dky a ubytovanie so z\u013eavou<\/strong> <strong>20%<\/strong>.<\/p>\n\n\n\n<p>Z\u013eavu nie je mo\u017en\u00e9 vyu\u017ei\u0165 po\u010das Ve\u013ekono\u010dn\u00e9ho pobytu a letn\u00fdch pr\u00e1zdnin. <br><\/p>\n\n\n\n<p><\/p>\n\n\n\n<p><\/p>\n\n\n\n<figure class=\"wp-block-image size-large\"><img decoding=\"async\" width=\"1024\" height=\"185\" src=\"https:\/\/hotelsiglisberg.sk\/wp-content\/uploads\/2025\/01\/vlnovka-1024x185.jpeg\" alt=\"\" class=\"wp-image-1286\" srcset=\"https:\/\/hotelsiglisberg.sk\/wp-content\/uploads\/2025\/01\/vlnovka-1024x185.jpeg 1024w, https:\/\/hotelsiglisberg.sk\/wp-content\/uploads\/2025\/01\/vlnovka-300x54.jpeg 300w, https:\/\/hotelsiglisberg.sk\/wp-content\/uploads\/2025\/01\/vlnovka-768x139.jpeg 768w, https:\/\/hotelsiglisberg.sk\/wp-content\/uploads\/2025\/01\/vlnovka-1536x277.jpeg 1536w, https:\/\/hotelsiglisberg.sk\/wp-content\/uploads\/2025\/01\/vlnovka-2048x369.jpeg 2048w\" sizes=\"(max-width: 767px) 89vw, (max-width: 1000px) 54vw, (max-width: 1071px) 543px, 580px\" \/><\/figure>\n\n\n\n<p><strong>Wellness so z\u013eavou 20%.<\/strong><\/p>\n\n\n\n<p>Na\u010falej plat\u00ed akcia pre extern\u00fdch host\u00ed. V d\u0148och pondelok &#8211; \u0161tvrtok vstup do wellness s 20% z\u013eavou.<\/p>\n\n\n\n<p>Rezerv\u00e1cie <a href=\"mailto:recepcia@hotelsiglisberg.sk\">recepcia@hotelsiglisberg.sk<\/a> alebo n\u00e1m zavolajte na +421918500373.<\/p>\n\n\n\n<p><\/p>\n\n\n\n<p><\/p>\n","protected":false},"excerpt":{"rendered":"<p>Pobytov\u00e9 bal\u00ed\u010dky a ubytovanie so z\u013eavou 20%. Z\u013eavu nie je mo\u017en\u00e9 vyu\u017ei\u0165 po\u010das Ve\u013ekono\u010dn\u00e9ho pobytu a letn\u00fdch pr\u00e1zdnin. Wellness so z\u013eavou 20%. Na\u010falej plat\u00ed akcia pre extern\u00fdch host\u00ed. V d\u0148och pondelok &#8211; \u0161tvrtok vstup do wellness s 20% z\u013eavou. Rezerv\u00e1cie recepcia@hotelsiglisberg.sk alebo n\u00e1m zavolajte na +421918500373.<\/p>\n","protected":false},"author":3,"featured_media":0,"parent":0,"menu_order":0,"comment_status":"closed","ping_status":"closed","template":"","meta":{"footnotes":""},"class_list":["post-795","page","type-page","status-publish","hentry"],"_links":{"self":[{"href":"https:\/\/hotelsiglisberg.sk\/index.php?rest_route=\/wp\/v2\/pages\/795","targetHints":{"allow":["GET"]}}],"collection":[{"href":"https:\/\/hotelsiglisberg.sk\/index.php?rest_route=\/wp\/v2\/pages"}],"about":[{"href":"https:\/\/hotelsiglisberg.sk\/index.php?rest_route=\/wp\/v2\/types\/page"}],"author":[{"embeddable":true,"href":"https:\/\/hotelsiglisberg.sk\/index.php?rest_route=\/wp\/v2\/users\/3"}],"replies":[{"embeddable":true,"href":"https:\/\/hotelsiglisberg.sk\/index.php?rest_route=%2Fwp%2Fv2%2Fcomments&post=795"}],"version-history":[{"count":17,"href":"https:\/\/hotelsiglisberg.sk\/index.php?rest_route=\/wp\/v2\/pages\/795\/revisions"}],"predecessor-version":[{"id":1310,"href":"https:\/\/hotelsiglisberg.sk\/index.php?rest_route=\/wp\/v2\/pages\/795\/revisions\/1310"}],"wp:attachment":[{"href":"https:\/\/hotelsiglisberg.sk\/index.php?rest_route=%2Fwp%2Fv2%2Fmedia&parent=795"}],"curies":[{"name":"wp","href":"https:\/\/api.w.org\/{rel}","templated":true}]}}