{"id":81,"date":"2021-04-23T16:25:14","date_gmt":"2021-04-23T14:25:14","guid":{"rendered":"https:\/\/hotelsiglisberg.sk\/?page_id=81"},"modified":"2021-08-04T22:38:00","modified_gmt":"2021-08-04T20:38:00","slug":"sauny","status":"publish","type":"page","link":"https:\/\/hotelsiglisberg.sk\/?page_id=81","title":{"rendered":"Sauny"},"content":{"rendered":"\n<p>Saunov\u00fd svete pon\u00faka dve sauny, tradi\u010dn\u00fa such\u00fa saunu a parn\u00fa saunu. <\/p>\n\n\n\n<p>Teplota suchej sauny je 90 &#8211; 100\u00b0C, vlhkos\u0165 40 &#8211; 50%. Parn\u00e1 sauna je vyhrievan\u00e1 na 50\u00b0C a vlhkos\u0165 vzduchu dosahuje 50%.<\/p>\n\n\n\n<p>Samozrejmos\u0165ou je ochladzovacia ka\u010fa a relaxa\u010dn\u00fd priestor. Mysleli sme aj na va\u0161e s\u00fakromie, tlmen\u00e9 osvetlenie a dostatok z\u00e1kut\u00ed s\u00fa z\u00e1rukou plnohodnotn\u00e9ho z\u00e1\u017eitku zo saunovania.<\/p>\n\n\n\n<p>Saunov\u00fd svet v na\u0161om hoteli je bezplavkov\u00e1 z\u00f3na. <\/p>\n\n\n\n<figure class=\"wp-block-image size-large\"><img fetchpriority=\"high\" decoding=\"async\" width=\"1024\" height=\"693\" src=\"https:\/\/hotelsiglisberg.sk\/wp-content\/uploads\/2021\/08\/D3D2A4D3-DED0-465D-98B5-B3D1BD8BD366-1024x693.jpeg\" alt=\"\" class=\"wp-image-570\" srcset=\"https:\/\/hotelsiglisberg.sk\/wp-content\/uploads\/2021\/08\/D3D2A4D3-DED0-465D-98B5-B3D1BD8BD366-1024x693.jpeg 1024w, https:\/\/hotelsiglisberg.sk\/wp-content\/uploads\/2021\/08\/D3D2A4D3-DED0-465D-98B5-B3D1BD8BD366-300x203.jpeg 300w, https:\/\/hotelsiglisberg.sk\/wp-content\/uploads\/2021\/08\/D3D2A4D3-DED0-465D-98B5-B3D1BD8BD366-768x520.jpeg 768w, https:\/\/hotelsiglisberg.sk\/wp-content\/uploads\/2021\/08\/D3D2A4D3-DED0-465D-98B5-B3D1BD8BD366-1536x1040.jpeg 1536w, https:\/\/hotelsiglisberg.sk\/wp-content\/uploads\/2021\/08\/D3D2A4D3-DED0-465D-98B5-B3D1BD8BD366.jpeg 2048w\" sizes=\"(max-width: 767px) 89vw, (max-width: 1000px) 54vw, (max-width: 1071px) 543px, 580px\" \/><\/figure>\n\n\n\n<figure class=\"wp-block-image size-large\"><img decoding=\"async\" width=\"1024\" height=\"683\" src=\"https:\/\/hotelsiglisberg.sk\/wp-content\/uploads\/2021\/08\/2FE009DC-CE9B-4F84-9194-6557578C1ADC-1024x683.jpeg\" alt=\"\" class=\"wp-image-571\" srcset=\"https:\/\/hotelsiglisberg.sk\/wp-content\/uploads\/2021\/08\/2FE009DC-CE9B-4F84-9194-6557578C1ADC-1024x683.jpeg 1024w, https:\/\/hotelsiglisberg.sk\/wp-content\/uploads\/2021\/08\/2FE009DC-CE9B-4F84-9194-6557578C1ADC-300x200.jpeg 300w, https:\/\/hotelsiglisberg.sk\/wp-content\/uploads\/2021\/08\/2FE009DC-CE9B-4F84-9194-6557578C1ADC-768x512.jpeg 768w, https:\/\/hotelsiglisberg.sk\/wp-content\/uploads\/2021\/08\/2FE009DC-CE9B-4F84-9194-6557578C1ADC-1536x1024.jpeg 1536w, https:\/\/hotelsiglisberg.sk\/wp-content\/uploads\/2021\/08\/2FE009DC-CE9B-4F84-9194-6557578C1ADC.jpeg 2048w\" sizes=\"(max-width: 767px) 89vw, (max-width: 1000px) 54vw, (max-width: 1071px) 543px, 580px\" \/><\/figure>\n\n\n\n<figure class=\"wp-block-image size-large\"><img decoding=\"async\" width=\"1024\" height=\"690\" src=\"https:\/\/hotelsiglisberg.sk\/wp-content\/uploads\/2021\/08\/91000EEA-13AF-48BD-A57D-CFE359B93B65-1024x690.jpeg\" alt=\"\" class=\"wp-image-568\" srcset=\"https:\/\/hotelsiglisberg.sk\/wp-content\/uploads\/2021\/08\/91000EEA-13AF-48BD-A57D-CFE359B93B65-1024x690.jpeg 1024w, https:\/\/hotelsiglisberg.sk\/wp-content\/uploads\/2021\/08\/91000EEA-13AF-48BD-A57D-CFE359B93B65-300x202.jpeg 300w, https:\/\/hotelsiglisberg.sk\/wp-content\/uploads\/2021\/08\/91000EEA-13AF-48BD-A57D-CFE359B93B65-768x518.jpeg 768w, https:\/\/hotelsiglisberg.sk\/wp-content\/uploads\/2021\/08\/91000EEA-13AF-48BD-A57D-CFE359B93B65-1536x1035.jpeg 1536w, https:\/\/hotelsiglisberg.sk\/wp-content\/uploads\/2021\/08\/91000EEA-13AF-48BD-A57D-CFE359B93B65.jpeg 2048w\" sizes=\"(max-width: 767px) 89vw, (max-width: 1000px) 54vw, (max-width: 1071px) 543px, 580px\" \/><\/figure>\n\n\n\n<figure class=\"wp-block-image size-large\"><img loading=\"lazy\" decoding=\"async\" width=\"1024\" height=\"683\" src=\"https:\/\/hotelsiglisberg.sk\/wp-content\/uploads\/2021\/08\/39C04C55-6D14-4D02-BA58-01454F54709A-1024x683.jpeg\" alt=\"\" class=\"wp-image-573\" srcset=\"https:\/\/hotelsiglisberg.sk\/wp-content\/uploads\/2021\/08\/39C04C55-6D14-4D02-BA58-01454F54709A-1024x683.jpeg 1024w, https:\/\/hotelsiglisberg.sk\/wp-content\/uploads\/2021\/08\/39C04C55-6D14-4D02-BA58-01454F54709A-300x200.jpeg 300w, https:\/\/hotelsiglisberg.sk\/wp-content\/uploads\/2021\/08\/39C04C55-6D14-4D02-BA58-01454F54709A-768x512.jpeg 768w, https:\/\/hotelsiglisberg.sk\/wp-content\/uploads\/2021\/08\/39C04C55-6D14-4D02-BA58-01454F54709A-1536x1024.jpeg 1536w, https:\/\/hotelsiglisberg.sk\/wp-content\/uploads\/2021\/08\/39C04C55-6D14-4D02-BA58-01454F54709A.jpeg 2048w\" sizes=\"(max-width: 767px) 89vw, (max-width: 1000px) 54vw, (max-width: 1071px) 543px, 580px\" \/><\/figure>\n\n\n\n<figure class=\"wp-block-image size-large\"><img loading=\"lazy\" decoding=\"async\" width=\"1024\" height=\"683\" src=\"https:\/\/hotelsiglisberg.sk\/wp-content\/uploads\/2021\/08\/1E3752A4-2CF1-4F8B-A242-B03BCEEF3911-1024x683.jpeg\" alt=\"\" class=\"wp-image-567\" srcset=\"https:\/\/hotelsiglisberg.sk\/wp-content\/uploads\/2021\/08\/1E3752A4-2CF1-4F8B-A242-B03BCEEF3911-1024x683.jpeg 1024w, https:\/\/hotelsiglisberg.sk\/wp-content\/uploads\/2021\/08\/1E3752A4-2CF1-4F8B-A242-B03BCEEF3911-300x200.jpeg 300w, https:\/\/hotelsiglisberg.sk\/wp-content\/uploads\/2021\/08\/1E3752A4-2CF1-4F8B-A242-B03BCEEF3911-768x512.jpeg 768w, https:\/\/hotelsiglisberg.sk\/wp-content\/uploads\/2021\/08\/1E3752A4-2CF1-4F8B-A242-B03BCEEF3911-1536x1024.jpeg 1536w, https:\/\/hotelsiglisberg.sk\/wp-content\/uploads\/2021\/08\/1E3752A4-2CF1-4F8B-A242-B03BCEEF3911.jpeg 2048w\" sizes=\"(max-width: 767px) 89vw, (max-width: 1000px) 54vw, (max-width: 1071px) 543px, 580px\" \/><\/figure>\n\n\n\n<figure class=\"wp-block-image size-large\"><img loading=\"lazy\" decoding=\"async\" width=\"1024\" height=\"683\" src=\"https:\/\/hotelsiglisberg.sk\/wp-content\/uploads\/2021\/08\/20DA3207-FA77-48B2-B115-BDF07180AA5D-1024x683.jpeg\" alt=\"\" class=\"wp-image-566\" srcset=\"https:\/\/hotelsiglisberg.sk\/wp-content\/uploads\/2021\/08\/20DA3207-FA77-48B2-B115-BDF07180AA5D-1024x683.jpeg 1024w, https:\/\/hotelsiglisberg.sk\/wp-content\/uploads\/2021\/08\/20DA3207-FA77-48B2-B115-BDF07180AA5D-300x200.jpeg 300w, https:\/\/hotelsiglisberg.sk\/wp-content\/uploads\/2021\/08\/20DA3207-FA77-48B2-B115-BDF07180AA5D-768x512.jpeg 768w, https:\/\/hotelsiglisberg.sk\/wp-content\/uploads\/2021\/08\/20DA3207-FA77-48B2-B115-BDF07180AA5D-1536x1024.jpeg 1536w, https:\/\/hotelsiglisberg.sk\/wp-content\/uploads\/2021\/08\/20DA3207-FA77-48B2-B115-BDF07180AA5D.jpeg 2048w\" sizes=\"(max-width: 767px) 89vw, (max-width: 1000px) 54vw, (max-width: 1071px) 543px, 580px\" \/><\/figure>\n","protected":false},"excerpt":{"rendered":"<p>Saunov\u00fd svete pon\u00faka dve sauny, tradi\u010dn\u00fa such\u00fa saunu a parn\u00fa saunu. Teplota suchej sauny je 90 &#8211; 100\u00b0C, vlhkos\u0165 40 &#8211; 50%. Parn\u00e1 sauna je vyhrievan\u00e1 na 50\u00b0C a vlhkos\u0165 vzduchu dosahuje 50%. Samozrejmos\u0165ou je ochladzovacia ka\u010fa a relaxa\u010dn\u00fd priestor. Mysleli sme aj na va\u0161e s\u00fakromie, tlmen\u00e9 osvetlenie a dostatok z\u00e1kut\u00ed s\u00fa z\u00e1rukou plnohodnotn\u00e9ho z\u00e1\u017eitku &hellip; <\/p>\n<p class=\"link-more\"><a href=\"https:\/\/hotelsiglisberg.sk\/?page_id=81\" class=\"more-link\">Pokra\u010dova\u0165 v \u010d\u00edtan\u00ed<span class=\"screen-reader-text\"> &#8222;Sauny&#8220;<\/span><\/a><\/p>\n","protected":false},"author":1,"featured_media":0,"parent":0,"menu_order":0,"comment_status":"closed","ping_status":"closed","template":"","meta":{"footnotes":""},"class_list":["post-81","page","type-page","status-publish","hentry"],"_links":{"self":[{"href":"https:\/\/hotelsiglisberg.sk\/index.php?rest_route=\/wp\/v2\/pages\/81","targetHints":{"allow":["GET"]}}],"collection":[{"href":"https:\/\/hotelsiglisberg.sk\/index.php?rest_route=\/wp\/v2\/pages"}],"about":[{"href":"https:\/\/hotelsiglisberg.sk\/index.php?rest_route=\/wp\/v2\/types\/page"}],"author":[{"embeddable":true,"href":"https:\/\/hotelsiglisberg.sk\/index.php?rest_route=\/wp\/v2\/users\/1"}],"replies":[{"embeddable":true,"href":"https:\/\/hotelsiglisberg.sk\/index.php?rest_route=%2Fwp%2Fv2%2Fcomments&post=81"}],"version-history":[{"count":9,"href":"https:\/\/hotelsiglisberg.sk\/index.php?rest_route=\/wp\/v2\/pages\/81\/revisions"}],"predecessor-version":[{"id":577,"href":"https:\/\/hotelsiglisberg.sk\/index.php?rest_route=\/wp\/v2\/pages\/81\/revisions\/577"}],"wp:attachment":[{"href":"https:\/\/hotelsiglisberg.sk\/index.php?rest_route=%2Fwp%2Fv2%2Fmedia&parent=81"}],"curies":[{"name":"wp","href":"https:\/\/api.w.org\/{rel}","templated":true}]}}