{"id":82,"date":"2021-04-23T16:25:14","date_gmt":"2021-04-23T14:25:14","guid":{"rendered":"https:\/\/hotelsiglisberg.sk\/?page_id=82"},"modified":"2026-02-09T17:35:16","modified_gmt":"2026-02-09T16:35:16","slug":"masaz","status":"publish","type":"page","link":"https:\/\/hotelsiglisberg.sk\/?page_id=82","title":{"rendered":"Mas\u00e1\u017ee"},"content":{"rendered":"\n<p>Mas\u00e1\u017e. Neocenite\u013en\u00e1 proced\u00fara v starostlivosti nielen o telo, ale i du\u0161u. Nieko\u013eko min\u00fat absol\u00fatneho, ni\u010d\u00edm neru\u0161en\u00e9ho oddychu, v pr\u00edtm\u00ed, pri pohodovej hudbe. Zdravotn\u00e9 benefity mas\u00e1\u017ee s\u00fa nesporn\u00e9, \u010di si ju doprajete pravidelne alebo sporadicky. Samozrejmos\u0165ou je kvalifikovan\u00fd person\u00e1l s dostato\u010dnou praxou. <\/p>\n\n\n\n<p>Nech sa p\u00e1\u010di, na\u0161a aktu\u00e1lna ponuka mas\u00e1\u017e\u00ed:<br><br><strong>Mas\u00e1\u017e \u010diasto\u010dn\u00e1 30 min\u00fatov\u00e1<\/strong><br>\u2022 klasick\u00e1 mas\u00e1\u017e chrbta a pliec<br><strong>\u2022 cena 25,-\u20ac<\/strong><\/p>\n\n\n\n<p><strong>Mas\u00e1\u017e 60 min\u00fatov\u00e1<\/strong> <br>\u2022 klasick\u00e1 mas\u00e1\u017e chrbta, pliec a n\u00f4h<br><strong>\u2022 cena 40,- \u20ac<\/strong><\/p>\n\n\n\n<p><\/p>\n\n\n\n<p><strong><strong>Bankovanie<\/strong><\/strong><br>\u2022 zni\u017euje boles\u0165 a lie\u010di svalov\u00e9 spazmy<br>\u2022 uvo\u013e\u0148uje stuhnut\u00e9 svaly<br>\u2022 blahod\u00e1rne p\u00f4sob\u00ed na lymfatick\u00fd syst\u00e9m a celkovo posil\u0148uje imunitn\u00fd syst\u00e9m<br>\u2022d\u00f4kladne detoxikuje cel\u00fd organizmus<br><strong>\u2022 predmas\u00edrovanie a banky, proced\u00fara 30 min\u00fat \/ cena 25 \u20ac<br>\u2022 predmas\u00edrovanie a banky, proced\u00fara 60 min\u00fat \/ cena 45 \u20ac<br><\/strong><\/p>\n\n\n\n<p><\/p>\n\n\n\n<p><\/p>\n\n\n\n<p><strong><strong><strong>CHAMPI &#8211; Indick\u00e1 antistresov\u00e1 mas\u00e1\u017e hlavy<\/strong><\/strong><\/strong><br>\u2022 technika, ktor\u00e1 sa s\u00fastre\u010fuje na v\u0161etky oblasti zhroma\u017e\u010fuj\u00face nap\u00e4tie v hornej \u010dasti tela (horn\u00e1 \u010das\u0165 chrbta, ramen\u00e1, hlava, krk i tv\u00e1r)<br>\u2022 pri mas\u00e1\u017ei sa pou\u017e\u00edvaj\u00fa hlbok\u00e9 relaxa\u010dn\u00e9 pohyby, ktor\u00e9 vy\u017eivuj\u00fa poko\u017eku na hlave a vlasy<br>\u2022 mas\u00e1\u017e podporuje pokojn\u00fd sp\u00e1nok, prispieva k posil\u0148ovaniu imunitn\u00e9ho syst\u00e9mu, prin\u00e1\u0161a pocit pokoja a dobre n\u00e1lady<br>\u2022 prin\u00e1\u0161a ve\u013ek\u00fa \u00fa\u013eavu od nap\u00e4tia, preto je hodnoten\u00e1 ako jedna z najsilnej\u0161\u00edch proced\u00far pr\u00e1ve pre jej antistresov\u00e9 \u00fa\u010dinky<br>\u2022 mas\u00e1\u017e sa vykon\u00e1va v sede a \u013eahu<br><strong>\u2022 trvanie proced\u00fary 60 min\u00fat \/ cena 45 \u20ac<\/strong><\/p>\n\n\n\n<p><\/p>\n\n\n\n<p><\/p>\n\n\n\n<p><strong><strong>Maderoterapia<\/strong><\/strong><br>\u2022 technika vyu\u017e\u00edvaj\u00faca dreven\u00e9 n\u00e1stroje na mas\u00e1\u017e tela<br>\u2022 zlep\u0161uje krvn\u00fd a lymfatick\u00fd obeh<br>\u2022 zni\u017euje celulit\u00eddu a lokalizovan\u00fd tuk, tvaruje postavu<br>\u2022 priaznivo vpl\u00fdva na odb\u00faravanie podko\u017en\u00e9ho tuku a&nbsp;zlep\u0161enie imunity<br>\u2022 pomocou rytmick\u00fdch pohybov val\u010dekov sa mas\u00edruje prietok lymfy, na\u0161tartuje sa metabolizmus a pr\u00e1ve v\u010faka tomu sa str\u00e1caj\u00fa tukov\u00e9 vrstvy, vyplavuj\u00fa sa tox\u00edny a \u0161kodliv\u00e9 l\u00e1tky, ktor\u00e9 si inak telo uklad\u00e1 do z\u00e1sob<br>\u2022 maderoterapia sa stala popul\u00e1rnou ako pr\u00edrodn\u00e1 a neinvaz\u00edvna technika na zlep\u0161enie vzh\u013eadu a zdravia tela<br>\u2022 kontraindik\u00e1cie maderoterapie: ochorenie srdca, k\u0155\u010dov\u00e9 \u017eily, otvoren\u00e9 rany, onkologick\u00e9 ochorenia, ko\u017en\u00e9 ochorenia, v\u00edrusov\u00e9 a bakteri\u00e1lne ochorenia, u\u017e\u00edvanie liekov na riedenie krvi, tehotenstvo, doj\u010denie<br><strong>\u2022 trvanie proced\u00fary 60 min\u00fat (spodn\u00e1 \u010das\u0165 tela: nohy, boky, zadok, brucho) \/ cena 40 \u20ac<br>\u2022 trvanie proced\u00fary 90 min\u00fat (cel\u00e9 telo, nohy, boky, zadok, brucho, ruky, tv\u00e1r) \/ cena 55 \u20ac<\/strong><br><br><\/p>\n\n\n\n<p>Nech sa p\u00e1\u010di, na\u0161a kompletn\u00e1 <a href=\"https:\/\/hotelsiglisberg.sk\/wp-content\/uploads\/2026\/02\/cennik-masaze-2026-jan.pdf\">ponuka mas\u00e1\u017e\u00ed<\/a>.<\/p>\n\n\n\n<p><\/p>\n\n\n\n<p><\/p>\n\n\n\n<p>V\u0161etky mas\u00e1\u017ee s\u00fa na rezerv\u00e1cie vopred.  Rezerv\u00e1cie a inform\u00e1cie recepcia@hotelsiglisberg.sk alebo +421918500373. <\/p>\n\n\n\n<p><strong>Va\u0161e rezerv\u00e1cie pova\u017eujeme za z\u00e1v\u00e4zn\u00e9, \u00factivo v\u00e1s pros\u00edme o re\u0161pektovanie  tejto skuto\u010dnosti. Bezplatn\u00e9 storno mas\u00e1\u017ee akceptujeme do 24 hod. pred pl\u00e1novan\u00fdm term\u00ednom proced\u00fary.<\/strong><\/p>\n\n\n\n<p><\/p>\n\n\n\n<p><\/p>\n\n\n\n<figure class=\"wp-block-image size-large\"><img fetchpriority=\"high\" decoding=\"async\" width=\"1024\" height=\"461\" src=\"https:\/\/hotelsiglisberg.sk\/wp-content\/uploads\/2021\/09\/F0622BEA-FA93-49EA-B8D5-4C4B5FA9AC7D-1024x461.jpeg\" alt=\"\" class=\"wp-image-627\" srcset=\"https:\/\/hotelsiglisberg.sk\/wp-content\/uploads\/2021\/09\/F0622BEA-FA93-49EA-B8D5-4C4B5FA9AC7D-1024x461.jpeg 1024w, https:\/\/hotelsiglisberg.sk\/wp-content\/uploads\/2021\/09\/F0622BEA-FA93-49EA-B8D5-4C4B5FA9AC7D-300x135.jpeg 300w, https:\/\/hotelsiglisberg.sk\/wp-content\/uploads\/2021\/09\/F0622BEA-FA93-49EA-B8D5-4C4B5FA9AC7D-768x346.jpeg 768w, https:\/\/hotelsiglisberg.sk\/wp-content\/uploads\/2021\/09\/F0622BEA-FA93-49EA-B8D5-4C4B5FA9AC7D-1536x691.jpeg 1536w, https:\/\/hotelsiglisberg.sk\/wp-content\/uploads\/2021\/09\/F0622BEA-FA93-49EA-B8D5-4C4B5FA9AC7D.jpeg 1600w\" sizes=\"(max-width: 767px) 89vw, (max-width: 1000px) 54vw, (max-width: 1071px) 543px, 580px\" \/><\/figure>\n\n\n\n<p><\/p>\n","protected":false},"excerpt":{"rendered":"<p>Mas\u00e1\u017e. Neocenite\u013en\u00e1 proced\u00fara v starostlivosti nielen o telo, ale i du\u0161u. Nieko\u013eko min\u00fat absol\u00fatneho, ni\u010d\u00edm neru\u0161en\u00e9ho oddychu, v pr\u00edtm\u00ed, pri pohodovej hudbe. Zdravotn\u00e9 benefity mas\u00e1\u017ee s\u00fa nesporn\u00e9, \u010di si ju doprajete pravidelne alebo sporadicky. Samozrejmos\u0165ou je kvalifikovan\u00fd person\u00e1l s dostato\u010dnou praxou. Nech sa p\u00e1\u010di, na\u0161a aktu\u00e1lna ponuka mas\u00e1\u017e\u00ed: Mas\u00e1\u017e \u010diasto\u010dn\u00e1 30 min\u00fatov\u00e1\u2022 klasick\u00e1 mas\u00e1\u017e chrbta &hellip; <\/p>\n<p class=\"link-more\"><a href=\"https:\/\/hotelsiglisberg.sk\/?page_id=82\" class=\"more-link\">Pokra\u010dova\u0165 v \u010d\u00edtan\u00ed<span class=\"screen-reader-text\"> &#8222;Mas\u00e1\u017ee&#8220;<\/span><\/a><\/p>\n","protected":false},"author":1,"featured_media":0,"parent":0,"menu_order":0,"comment_status":"closed","ping_status":"closed","template":"","meta":{"footnotes":""},"class_list":["post-82","page","type-page","status-publish","hentry"],"_links":{"self":[{"href":"https:\/\/hotelsiglisberg.sk\/index.php?rest_route=\/wp\/v2\/pages\/82","targetHints":{"allow":["GET"]}}],"collection":[{"href":"https:\/\/hotelsiglisberg.sk\/index.php?rest_route=\/wp\/v2\/pages"}],"about":[{"href":"https:\/\/hotelsiglisberg.sk\/index.php?rest_route=\/wp\/v2\/types\/page"}],"author":[{"embeddable":true,"href":"https:\/\/hotelsiglisberg.sk\/index.php?rest_route=\/wp\/v2\/users\/1"}],"replies":[{"embeddable":true,"href":"https:\/\/hotelsiglisberg.sk\/index.php?rest_route=%2Fwp%2Fv2%2Fcomments&post=82"}],"version-history":[{"count":50,"href":"https:\/\/hotelsiglisberg.sk\/index.php?rest_route=\/wp\/v2\/pages\/82\/revisions"}],"predecessor-version":[{"id":1448,"href":"https:\/\/hotelsiglisberg.sk\/index.php?rest_route=\/wp\/v2\/pages\/82\/revisions\/1448"}],"wp:attachment":[{"href":"https:\/\/hotelsiglisberg.sk\/index.php?rest_route=%2Fwp%2Fv2%2Fmedia&parent=82"}],"curies":[{"name":"wp","href":"https:\/\/api.w.org\/{rel}","templated":true}]}}