{"id":85,"date":"2021-04-23T16:25:15","date_gmt":"2021-04-23T14:25:15","guid":{"rendered":"https:\/\/hotelsiglisberg.sk\/?page_id=85"},"modified":"2026-01-13T15:17:42","modified_gmt":"2026-01-13T14:17:42","slug":"speciality","status":"publish","type":"page","link":"https:\/\/hotelsiglisberg.sk\/?page_id=85","title":{"rendered":"Menu"},"content":{"rendered":"\n<p>Ako ka\u017ed\u00e9 menu, aj toto, zostavoval n\u00e1\u0161 t\u00edm ve\u013emi d\u00f4sledne. Nech sa p\u00e1\u010di, nahliadnite do aktu\u00e1lneho <strong><a href=\"https:\/\/hotelsiglisberg.sk\/wp-content\/uploads\/2025\/11\/A-la-Carte-jesen25.pdf\">\u00c1 la Carte menu<\/a><\/strong>. Pre viac ot\u00e1zok je tu pre V\u00e1s n\u00e1\u0161 person\u00e1l.<\/p>\n\n\n\n<p>Budeme \u0161\u0165astn\u00ed, ak si v na\u0161ej st\u00e1lej ponuke n\u00e1jdete svoje ob\u013e\u00faben\u00e9 jedl\u00e1, ve\u013emi kr\u00e1tko v\u0161ak bud\u00fa b\u00fdva\u0165 v ponuke na\u0161e <strong>\u0161peciality<\/strong>. Aktu\u00e1lnym v\u00edkendov\u00fdm \u0161peci\u00e1lom je burger s hov\u00e4dz\u00edm m\u00e4som v na\u0161ej dom\u00e1cej \u017eemli.<\/p>\n\n\n\n<p>M\u00e1te v bl\u00edzkosti chatu, chalupu, pren\u00e1jom a nechcete str\u00e1ca\u0165 \u010das varen\u00edm? V\u0161etky na\u0161e jedl\u00e1 samozrejme bal\u00edme. M\u00e1te z\u00e1ujem o nie\u010do, \u010do nem\u00e1me v na\u0161ej ponuke? Kontaktujte n\u00e1s, radi V\u00e1m vyjdeme v \u00fastrety.<\/p>\n\n\n\n<p><strong>Ra\u0148ajky<\/strong> pod\u00e1vame aj <strong>neubytovan\u00fdm<\/strong> hos\u0165om. V\u00fdber z aktu\u00e1lnej ponuky. Denne od 8.00 do 10.00 hodiny. <br><\/p>\n\n\n\n<p>Rovnako starostlivo sme pre v\u00e1s zostavovali na\u0161u <strong><a href=\"https:\/\/hotelsiglisberg.sk\/wp-content\/uploads\/2023\/10\/vinny-listok-jun-2023-2.pdf\">ponuku v\u00edn<\/a><\/strong>. Zamerali sme sa najm\u00e4 na mal\u00e9 rodinn\u00e9 vin\u00e1rstva, kvalitn\u00e9 odrody, pr\u00edrodn\u00e9 postupy a tradi\u010dn\u00fd sp\u00f4sob v\u00fdroby. \u017diadna priemyseln\u00e1 produkcia, ale poctiv\u00e1 vin\u00e1rska pr\u00e1ca, kde v ka\u017edej f\u013ea\u0161i c\u00edti\u0165 l\u00e1sku vin\u00e1ra, s akou sa v\u00fdrobe v\u00edna venoval.<\/p>\n\n\n\n<p><strong>Sledujte upozornenia na na\u0161om Facebooku a Instagrame, dozviete sa r\u00fdchlo o v\u0161etk\u00fdch novink\u00e1ch<\/strong>. <br><\/p>\n\n\n\n<figure class=\"wp-block-image size-large\"><img decoding=\"async\" src=\"https:\/\/hotelsiglisberg.sk\/wp-content\/uploads\/2021\/07\/7F3639DD-60A0-48F5-9CA8-58D46126521C.jpeg\" alt=\"\"\/><\/figure>\n\n\n\n<figure class=\"wp-block-image size-large\"><img fetchpriority=\"high\" decoding=\"async\" width=\"1024\" height=\"683\" src=\"https:\/\/hotelsiglisberg.sk\/wp-content\/uploads\/2021\/07\/490156EA-DAA0-4F05-853C-5DB4F54E2A8D-1024x683.jpeg\" alt=\"\" class=\"wp-image-470\" srcset=\"https:\/\/hotelsiglisberg.sk\/wp-content\/uploads\/2021\/07\/490156EA-DAA0-4F05-853C-5DB4F54E2A8D-1024x683.jpeg 1024w, https:\/\/hotelsiglisberg.sk\/wp-content\/uploads\/2021\/07\/490156EA-DAA0-4F05-853C-5DB4F54E2A8D-300x200.jpeg 300w, https:\/\/hotelsiglisberg.sk\/wp-content\/uploads\/2021\/07\/490156EA-DAA0-4F05-853C-5DB4F54E2A8D-768x512.jpeg 768w, https:\/\/hotelsiglisberg.sk\/wp-content\/uploads\/2021\/07\/490156EA-DAA0-4F05-853C-5DB4F54E2A8D-1536x1024.jpeg 1536w, https:\/\/hotelsiglisberg.sk\/wp-content\/uploads\/2021\/07\/490156EA-DAA0-4F05-853C-5DB4F54E2A8D.jpeg 2048w\" sizes=\"(max-width: 767px) 89vw, (max-width: 1000px) 54vw, (max-width: 1071px) 543px, 580px\" \/><\/figure>\n\n\n\n<figure class=\"wp-block-image size-large\"><img decoding=\"async\" width=\"1024\" height=\"683\" src=\"https:\/\/hotelsiglisberg.sk\/wp-content\/uploads\/2021\/07\/C8898186-FA8F-4DD5-A37B-6E03A24798B9-1024x683.jpeg\" alt=\"\" class=\"wp-image-471\" srcset=\"https:\/\/hotelsiglisberg.sk\/wp-content\/uploads\/2021\/07\/C8898186-FA8F-4DD5-A37B-6E03A24798B9-1024x683.jpeg 1024w, https:\/\/hotelsiglisberg.sk\/wp-content\/uploads\/2021\/07\/C8898186-FA8F-4DD5-A37B-6E03A24798B9-300x200.jpeg 300w, https:\/\/hotelsiglisberg.sk\/wp-content\/uploads\/2021\/07\/C8898186-FA8F-4DD5-A37B-6E03A24798B9-768x512.jpeg 768w, https:\/\/hotelsiglisberg.sk\/wp-content\/uploads\/2021\/07\/C8898186-FA8F-4DD5-A37B-6E03A24798B9-1536x1024.jpeg 1536w, https:\/\/hotelsiglisberg.sk\/wp-content\/uploads\/2021\/07\/C8898186-FA8F-4DD5-A37B-6E03A24798B9.jpeg 2048w\" sizes=\"(max-width: 767px) 89vw, (max-width: 1000px) 54vw, (max-width: 1071px) 543px, 580px\" \/><\/figure>\n\n\n\n<figure class=\"wp-block-image size-large\"><img decoding=\"async\" width=\"1024\" height=\"683\" src=\"https:\/\/hotelsiglisberg.sk\/wp-content\/uploads\/2021\/07\/F971FAD7-D02E-4829-9A11-9E81C5332F32-1024x683.jpeg\" alt=\"\" class=\"wp-image-473\" srcset=\"https:\/\/hotelsiglisberg.sk\/wp-content\/uploads\/2021\/07\/F971FAD7-D02E-4829-9A11-9E81C5332F32-1024x683.jpeg 1024w, https:\/\/hotelsiglisberg.sk\/wp-content\/uploads\/2021\/07\/F971FAD7-D02E-4829-9A11-9E81C5332F32-300x200.jpeg 300w, https:\/\/hotelsiglisberg.sk\/wp-content\/uploads\/2021\/07\/F971FAD7-D02E-4829-9A11-9E81C5332F32-768x512.jpeg 768w, https:\/\/hotelsiglisberg.sk\/wp-content\/uploads\/2021\/07\/F971FAD7-D02E-4829-9A11-9E81C5332F32-1536x1024.jpeg 1536w, https:\/\/hotelsiglisberg.sk\/wp-content\/uploads\/2021\/07\/F971FAD7-D02E-4829-9A11-9E81C5332F32.jpeg 2048w\" sizes=\"(max-width: 767px) 89vw, (max-width: 1000px) 54vw, (max-width: 1071px) 543px, 580px\" \/><\/figure>\n\n\n\n<figure class=\"wp-block-image size-large\"><img loading=\"lazy\" decoding=\"async\" width=\"1024\" height=\"683\" src=\"https:\/\/hotelsiglisberg.sk\/wp-content\/uploads\/2021\/07\/F7BC55C4-7428-4F82-A8EC-ACF77BE2737A-1024x683.jpeg\" alt=\"\" class=\"wp-image-474\" srcset=\"https:\/\/hotelsiglisberg.sk\/wp-content\/uploads\/2021\/07\/F7BC55C4-7428-4F82-A8EC-ACF77BE2737A-1024x683.jpeg 1024w, https:\/\/hotelsiglisberg.sk\/wp-content\/uploads\/2021\/07\/F7BC55C4-7428-4F82-A8EC-ACF77BE2737A-300x200.jpeg 300w, https:\/\/hotelsiglisberg.sk\/wp-content\/uploads\/2021\/07\/F7BC55C4-7428-4F82-A8EC-ACF77BE2737A-768x512.jpeg 768w, https:\/\/hotelsiglisberg.sk\/wp-content\/uploads\/2021\/07\/F7BC55C4-7428-4F82-A8EC-ACF77BE2737A-1536x1024.jpeg 1536w, https:\/\/hotelsiglisberg.sk\/wp-content\/uploads\/2021\/07\/F7BC55C4-7428-4F82-A8EC-ACF77BE2737A.jpeg 2048w\" sizes=\"(max-width: 767px) 89vw, (max-width: 1000px) 54vw, (max-width: 1071px) 543px, 580px\" \/><\/figure>\n\n\n\n<figure class=\"wp-block-image size-large\"><img loading=\"lazy\" decoding=\"async\" width=\"1024\" height=\"683\" src=\"https:\/\/hotelsiglisberg.sk\/wp-content\/uploads\/2021\/07\/79C5FC5E-62FC-4F05-98C0-9B154F4AA1BB-1024x683.jpeg\" alt=\"\" class=\"wp-image-475\" srcset=\"https:\/\/hotelsiglisberg.sk\/wp-content\/uploads\/2021\/07\/79C5FC5E-62FC-4F05-98C0-9B154F4AA1BB-1024x683.jpeg 1024w, https:\/\/hotelsiglisberg.sk\/wp-content\/uploads\/2021\/07\/79C5FC5E-62FC-4F05-98C0-9B154F4AA1BB-300x200.jpeg 300w, https:\/\/hotelsiglisberg.sk\/wp-content\/uploads\/2021\/07\/79C5FC5E-62FC-4F05-98C0-9B154F4AA1BB-768x512.jpeg 768w, https:\/\/hotelsiglisberg.sk\/wp-content\/uploads\/2021\/07\/79C5FC5E-62FC-4F05-98C0-9B154F4AA1BB-1536x1024.jpeg 1536w, https:\/\/hotelsiglisberg.sk\/wp-content\/uploads\/2021\/07\/79C5FC5E-62FC-4F05-98C0-9B154F4AA1BB.jpeg 2048w\" sizes=\"(max-width: 767px) 89vw, (max-width: 1000px) 54vw, (max-width: 1071px) 543px, 580px\" \/><\/figure>\n\n\n\n<figure class=\"wp-block-image size-large\"><img loading=\"lazy\" decoding=\"async\" width=\"1024\" height=\"683\" src=\"https:\/\/hotelsiglisberg.sk\/wp-content\/uploads\/2021\/07\/DCEF9981-EC0B-42E9-B239-5A4295B45911-1024x683.jpeg\" alt=\"\" class=\"wp-image-476\" srcset=\"https:\/\/hotelsiglisberg.sk\/wp-content\/uploads\/2021\/07\/DCEF9981-EC0B-42E9-B239-5A4295B45911-1024x683.jpeg 1024w, https:\/\/hotelsiglisberg.sk\/wp-content\/uploads\/2021\/07\/DCEF9981-EC0B-42E9-B239-5A4295B45911-300x200.jpeg 300w, https:\/\/hotelsiglisberg.sk\/wp-content\/uploads\/2021\/07\/DCEF9981-EC0B-42E9-B239-5A4295B45911-768x512.jpeg 768w, https:\/\/hotelsiglisberg.sk\/wp-content\/uploads\/2021\/07\/DCEF9981-EC0B-42E9-B239-5A4295B45911-1536x1024.jpeg 1536w, https:\/\/hotelsiglisberg.sk\/wp-content\/uploads\/2021\/07\/DCEF9981-EC0B-42E9-B239-5A4295B45911.jpeg 2048w\" sizes=\"(max-width: 767px) 89vw, (max-width: 1000px) 54vw, (max-width: 1071px) 543px, 580px\" \/><\/figure>\n\n\n\n<figure class=\"wp-block-image size-large\"><img loading=\"lazy\" decoding=\"async\" width=\"1024\" height=\"683\" src=\"https:\/\/hotelsiglisberg.sk\/wp-content\/uploads\/2021\/07\/F9B8F061-3DA1-470F-A9C9-5FAB011039D0-1024x683.jpeg\" alt=\"\" class=\"wp-image-477\" srcset=\"https:\/\/hotelsiglisberg.sk\/wp-content\/uploads\/2021\/07\/F9B8F061-3DA1-470F-A9C9-5FAB011039D0-1024x683.jpeg 1024w, https:\/\/hotelsiglisberg.sk\/wp-content\/uploads\/2021\/07\/F9B8F061-3DA1-470F-A9C9-5FAB011039D0-300x200.jpeg 300w, https:\/\/hotelsiglisberg.sk\/wp-content\/uploads\/2021\/07\/F9B8F061-3DA1-470F-A9C9-5FAB011039D0-768x512.jpeg 768w, https:\/\/hotelsiglisberg.sk\/wp-content\/uploads\/2021\/07\/F9B8F061-3DA1-470F-A9C9-5FAB011039D0-1536x1024.jpeg 1536w, https:\/\/hotelsiglisberg.sk\/wp-content\/uploads\/2021\/07\/F9B8F061-3DA1-470F-A9C9-5FAB011039D0.jpeg 2048w\" sizes=\"(max-width: 767px) 89vw, (max-width: 1000px) 54vw, (max-width: 1071px) 543px, 580px\" \/><\/figure>\n\n\n\n<p><\/p>\n","protected":false},"excerpt":{"rendered":"<p>Ako ka\u017ed\u00e9 menu, aj toto, zostavoval n\u00e1\u0161 t\u00edm ve\u013emi d\u00f4sledne. Nech sa p\u00e1\u010di, nahliadnite do aktu\u00e1lneho \u00c1 la Carte menu. Pre viac ot\u00e1zok je tu pre V\u00e1s n\u00e1\u0161 person\u00e1l. Budeme \u0161\u0165astn\u00ed, ak si v na\u0161ej st\u00e1lej ponuke n\u00e1jdete svoje ob\u013e\u00faben\u00e9 jedl\u00e1, ve\u013emi kr\u00e1tko v\u0161ak bud\u00fa b\u00fdva\u0165 v ponuke na\u0161e \u0161peciality. Aktu\u00e1lnym v\u00edkendov\u00fdm \u0161peci\u00e1lom je burger &hellip; <\/p>\n<p class=\"link-more\"><a href=\"https:\/\/hotelsiglisberg.sk\/?page_id=85\" class=\"more-link\">Pokra\u010dova\u0165 v \u010d\u00edtan\u00ed<span class=\"screen-reader-text\"> &#8222;Menu&#8220;<\/span><\/a><\/p>\n","protected":false},"author":1,"featured_media":0,"parent":0,"menu_order":0,"comment_status":"closed","ping_status":"closed","template":"","meta":{"footnotes":""},"class_list":["post-85","page","type-page","status-publish","hentry"],"_links":{"self":[{"href":"https:\/\/hotelsiglisberg.sk\/index.php?rest_route=\/wp\/v2\/pages\/85","targetHints":{"allow":["GET"]}}],"collection":[{"href":"https:\/\/hotelsiglisberg.sk\/index.php?rest_route=\/wp\/v2\/pages"}],"about":[{"href":"https:\/\/hotelsiglisberg.sk\/index.php?rest_route=\/wp\/v2\/types\/page"}],"author":[{"embeddable":true,"href":"https:\/\/hotelsiglisberg.sk\/index.php?rest_route=\/wp\/v2\/users\/1"}],"replies":[{"embeddable":true,"href":"https:\/\/hotelsiglisberg.sk\/index.php?rest_route=%2Fwp%2Fv2%2Fcomments&post=85"}],"version-history":[{"count":73,"href":"https:\/\/hotelsiglisberg.sk\/index.php?rest_route=\/wp\/v2\/pages\/85\/revisions"}],"predecessor-version":[{"id":1419,"href":"https:\/\/hotelsiglisberg.sk\/index.php?rest_route=\/wp\/v2\/pages\/85\/revisions\/1419"}],"wp:attachment":[{"href":"https:\/\/hotelsiglisberg.sk\/index.php?rest_route=%2Fwp%2Fv2%2Fmedia&parent=85"}],"curies":[{"name":"wp","href":"https:\/\/api.w.org\/{rel}","templated":true}]}}