{"id":86,"date":"2021-04-23T16:25:15","date_gmt":"2021-04-23T14:25:15","guid":{"rendered":"https:\/\/hotelsiglisberg.sk\/?page_id=86"},"modified":"2026-03-12T12:13:06","modified_gmt":"2026-03-12T11:13:06","slug":"vikendove-baliky","status":"publish","type":"page","link":"https:\/\/hotelsiglisberg.sk\/?page_id=86","title":{"rendered":"V\u00edkend v Siglisbergu"},"content":{"rendered":"\n<p>Potulky uli\u010dkami Banskej \u0160tiavnice, \u013eahk\u00e1 turistika v podobe v\u00fdstupu na \u0160tiavnick\u00fa kalv\u00e1riu, f\u00e1ranie do bane, vodn\u00e9 bicykle na jednom z tajchov. A po akt\u00edvnom dni dokonal\u00fd oddych v hotelovom wellness alebo v z\u00e1hrade pod korunami obrovskej duglasky. <\/p>\n\n\n\n<p>Aj vy m\u00f4\u017eete str\u00e1vi\u0165 tak\u00fdto fantastick\u00fd v\u00edkend. Rezervujte si u n\u00e1s v\u00edkendov\u00fd pobyt. Pom\u00f4\u017eeme V\u00e1m napl\u00e1nova\u0165 program a potom sa o v\u00e1s dokonalo postar\u00e1me.<\/p>\n\n\n\n<p><strong>V\u00edkend v Siglisbergu &#8211; 169 \u20ac \/ osoba \/ 2 noci<\/strong><\/p>\n\n\n\n<p>pobyt zah\u0155\u0148a:<\/p>\n\n\n\n<ul class=\"wp-block-list\">\n<li>ubytovanie na 2 noci <\/li>\n\n\n\n<li>polpenziu s mo\u017enos\u0165ou pod\u00e1vania ra\u0148ajok \u201cdo postele\u201d<\/li>\n\n\n\n<li>neobmedzen\u00fd vstup do hotelov\u00e9ho wellness<\/li>\n\n\n\n<li>welcome drink<\/li>\n<\/ul>\n\n\n\n<p>V cene pobytu nie je zahrnut\u00fd miestny poplatok. <br><\/p>\n\n\n\n<p>Cenov\u00fa ponuku na mieru, inform\u00e1cie o cen\u00e1ch pre deti, pr\u00edstelky alebo rodinn\u00e9 izby V\u00e1m ochotne priprav\u00ed a poskytne recepcia.<\/p>\n\n\n\n<p><\/p>\n\n\n\n<figure class=\"wp-block-image size-large\"><img fetchpriority=\"high\" decoding=\"async\" width=\"1024\" height=\"683\" src=\"https:\/\/hotelsiglisberg.sk\/wp-content\/uploads\/2025\/01\/2F4D3CC9-DF81-4BDA-BFCD-9214E6593213-1024x683.jpeg\" alt=\"\" class=\"wp-image-1277\" srcset=\"https:\/\/hotelsiglisberg.sk\/wp-content\/uploads\/2025\/01\/2F4D3CC9-DF81-4BDA-BFCD-9214E6593213-1024x683.jpeg 1024w, https:\/\/hotelsiglisberg.sk\/wp-content\/uploads\/2025\/01\/2F4D3CC9-DF81-4BDA-BFCD-9214E6593213-300x200.jpeg 300w, https:\/\/hotelsiglisberg.sk\/wp-content\/uploads\/2025\/01\/2F4D3CC9-DF81-4BDA-BFCD-9214E6593213-768x512.jpeg 768w, https:\/\/hotelsiglisberg.sk\/wp-content\/uploads\/2025\/01\/2F4D3CC9-DF81-4BDA-BFCD-9214E6593213-1536x1024.jpeg 1536w, https:\/\/hotelsiglisberg.sk\/wp-content\/uploads\/2025\/01\/2F4D3CC9-DF81-4BDA-BFCD-9214E6593213.jpeg 2048w\" sizes=\"(max-width: 767px) 89vw, (max-width: 1000px) 54vw, (max-width: 1071px) 543px, 580px\" \/><\/figure>\n\n\n\n<p><\/p>\n","protected":false},"excerpt":{"rendered":"<p>Potulky uli\u010dkami Banskej \u0160tiavnice, \u013eahk\u00e1 turistika v podobe v\u00fdstupu na \u0160tiavnick\u00fa kalv\u00e1riu, f\u00e1ranie do bane, vodn\u00e9 bicykle na jednom z tajchov. A po akt\u00edvnom dni dokonal\u00fd oddych v hotelovom wellness alebo v z\u00e1hrade pod korunami obrovskej duglasky. Aj vy m\u00f4\u017eete str\u00e1vi\u0165 tak\u00fdto fantastick\u00fd v\u00edkend. Rezervujte si u n\u00e1s v\u00edkendov\u00fd pobyt. Pom\u00f4\u017eeme V\u00e1m napl\u00e1nova\u0165 program a &hellip; <\/p>\n<p class=\"link-more\"><a href=\"https:\/\/hotelsiglisberg.sk\/?page_id=86\" class=\"more-link\">Pokra\u010dova\u0165 v \u010d\u00edtan\u00ed<span class=\"screen-reader-text\"> &#8222;V\u00edkend v Siglisbergu&#8220;<\/span><\/a><\/p>\n","protected":false},"author":1,"featured_media":0,"parent":0,"menu_order":0,"comment_status":"closed","ping_status":"closed","template":"","meta":{"footnotes":""},"class_list":["post-86","page","type-page","status-publish","hentry"],"_links":{"self":[{"href":"https:\/\/hotelsiglisberg.sk\/index.php?rest_route=\/wp\/v2\/pages\/86","targetHints":{"allow":["GET"]}}],"collection":[{"href":"https:\/\/hotelsiglisberg.sk\/index.php?rest_route=\/wp\/v2\/pages"}],"about":[{"href":"https:\/\/hotelsiglisberg.sk\/index.php?rest_route=\/wp\/v2\/types\/page"}],"author":[{"embeddable":true,"href":"https:\/\/hotelsiglisberg.sk\/index.php?rest_route=\/wp\/v2\/users\/1"}],"replies":[{"embeddable":true,"href":"https:\/\/hotelsiglisberg.sk\/index.php?rest_route=%2Fwp%2Fv2%2Fcomments&post=86"}],"version-history":[{"count":30,"href":"https:\/\/hotelsiglisberg.sk\/index.php?rest_route=\/wp\/v2\/pages\/86\/revisions"}],"predecessor-version":[{"id":1468,"href":"https:\/\/hotelsiglisberg.sk\/index.php?rest_route=\/wp\/v2\/pages\/86\/revisions\/1468"}],"wp:attachment":[{"href":"https:\/\/hotelsiglisberg.sk\/index.php?rest_route=%2Fwp%2Fv2%2Fmedia&parent=86"}],"curies":[{"name":"wp","href":"https:\/\/api.w.org\/{rel}","templated":true}]}}