{"id":88,"date":"2021-04-23T16:25:15","date_gmt":"2021-04-23T14:25:15","guid":{"rendered":"https:\/\/hotelsiglisberg.sk\/?page_id=88"},"modified":"2021-09-26T21:19:28","modified_gmt":"2021-09-26T19:19:28","slug":"svadby-a-oslavy","status":"publish","type":"page","link":"https:\/\/hotelsiglisberg.sk\/?page_id=88","title":{"rendered":"Svadby a udalosti"},"content":{"rendered":"\n<p>Pre\u0161li ste sa po na\u0161ej hotelovej z\u00e1hrade alebo chodbami hotela? Siglisberg d\u00fdcha v\u00fdnimo\u010dnou atmosf\u00e9rou, ktor\u00fa c\u00edti\u0165 z ka\u017ed\u00e9ho jeho z\u00e1kutia. V\u00fdnimo\u010dn\u00e9 udalosti si vy\u017eaduj\u00fa v\u00fdnimo\u010dn\u00e9 miesto. A neskromne si dovol\u00edme tvrdi\u0165, \u017ee Siglisberg**** boutique hotel t\u00fdm miestom je.<br><\/p>\n\n\n\n<figure class=\"wp-block-image size-large\"><img fetchpriority=\"high\" decoding=\"async\" width=\"1024\" height=\"683\" src=\"https:\/\/hotelsiglisberg.sk\/wp-content\/uploads\/2021\/09\/94F2909C-5E57-4F5F-B7CC-BF209350B861-1024x683.jpeg\" alt=\"\" class=\"wp-image-667\" srcset=\"https:\/\/hotelsiglisberg.sk\/wp-content\/uploads\/2021\/09\/94F2909C-5E57-4F5F-B7CC-BF209350B861-1024x683.jpeg 1024w, https:\/\/hotelsiglisberg.sk\/wp-content\/uploads\/2021\/09\/94F2909C-5E57-4F5F-B7CC-BF209350B861-300x200.jpeg 300w, https:\/\/hotelsiglisberg.sk\/wp-content\/uploads\/2021\/09\/94F2909C-5E57-4F5F-B7CC-BF209350B861-768x512.jpeg 768w, https:\/\/hotelsiglisberg.sk\/wp-content\/uploads\/2021\/09\/94F2909C-5E57-4F5F-B7CC-BF209350B861-1536x1024.jpeg 1536w, https:\/\/hotelsiglisberg.sk\/wp-content\/uploads\/2021\/09\/94F2909C-5E57-4F5F-B7CC-BF209350B861-2048x1365.jpeg 2048w\" sizes=\"(max-width: 767px) 89vw, (max-width: 1000px) 54vw, (max-width: 1071px) 543px, 580px\" \/><\/figure>\n\n\n\n<figure class=\"wp-block-image size-large\"><img decoding=\"async\" width=\"1024\" height=\"683\" src=\"https:\/\/hotelsiglisberg.sk\/wp-content\/uploads\/2021\/09\/A9F865EC-D9AA-4AF2-A314-4995F4576161-1024x683.jpeg\" alt=\"\" class=\"wp-image-668\" srcset=\"https:\/\/hotelsiglisberg.sk\/wp-content\/uploads\/2021\/09\/A9F865EC-D9AA-4AF2-A314-4995F4576161-1024x683.jpeg 1024w, https:\/\/hotelsiglisberg.sk\/wp-content\/uploads\/2021\/09\/A9F865EC-D9AA-4AF2-A314-4995F4576161-300x200.jpeg 300w, https:\/\/hotelsiglisberg.sk\/wp-content\/uploads\/2021\/09\/A9F865EC-D9AA-4AF2-A314-4995F4576161-768x512.jpeg 768w, https:\/\/hotelsiglisberg.sk\/wp-content\/uploads\/2021\/09\/A9F865EC-D9AA-4AF2-A314-4995F4576161-1536x1024.jpeg 1536w, https:\/\/hotelsiglisberg.sk\/wp-content\/uploads\/2021\/09\/A9F865EC-D9AA-4AF2-A314-4995F4576161-2048x1365.jpeg 2048w\" sizes=\"(max-width: 767px) 89vw, (max-width: 1000px) 54vw, (max-width: 1071px) 543px, 580px\" \/><\/figure>\n\n\n\n<figure class=\"wp-block-image size-large\"><img decoding=\"async\" width=\"1024\" height=\"683\" src=\"https:\/\/hotelsiglisberg.sk\/wp-content\/uploads\/2021\/09\/CA6AC5B8-C4D5-4947-91DE-90562069C40A-1024x683.jpeg\" alt=\"\" class=\"wp-image-669\" srcset=\"https:\/\/hotelsiglisberg.sk\/wp-content\/uploads\/2021\/09\/CA6AC5B8-C4D5-4947-91DE-90562069C40A-1024x683.jpeg 1024w, https:\/\/hotelsiglisberg.sk\/wp-content\/uploads\/2021\/09\/CA6AC5B8-C4D5-4947-91DE-90562069C40A-300x200.jpeg 300w, https:\/\/hotelsiglisberg.sk\/wp-content\/uploads\/2021\/09\/CA6AC5B8-C4D5-4947-91DE-90562069C40A-768x512.jpeg 768w, https:\/\/hotelsiglisberg.sk\/wp-content\/uploads\/2021\/09\/CA6AC5B8-C4D5-4947-91DE-90562069C40A-1536x1024.jpeg 1536w, https:\/\/hotelsiglisberg.sk\/wp-content\/uploads\/2021\/09\/CA6AC5B8-C4D5-4947-91DE-90562069C40A-2048x1365.jpeg 2048w\" sizes=\"(max-width: 767px) 89vw, (max-width: 1000px) 54vw, (max-width: 1071px) 543px, 580px\" \/><\/figure>\n\n\n\n<figure class=\"wp-block-image size-large\"><img loading=\"lazy\" decoding=\"async\" width=\"1024\" height=\"683\" src=\"https:\/\/hotelsiglisberg.sk\/wp-content\/uploads\/2021\/09\/B2F5FDC0-54DF-4DAE-828C-C22BC9D72D78-1024x683.jpeg\" alt=\"\" class=\"wp-image-670\" srcset=\"https:\/\/hotelsiglisberg.sk\/wp-content\/uploads\/2021\/09\/B2F5FDC0-54DF-4DAE-828C-C22BC9D72D78-1024x683.jpeg 1024w, https:\/\/hotelsiglisberg.sk\/wp-content\/uploads\/2021\/09\/B2F5FDC0-54DF-4DAE-828C-C22BC9D72D78-300x200.jpeg 300w, https:\/\/hotelsiglisberg.sk\/wp-content\/uploads\/2021\/09\/B2F5FDC0-54DF-4DAE-828C-C22BC9D72D78-768x512.jpeg 768w, https:\/\/hotelsiglisberg.sk\/wp-content\/uploads\/2021\/09\/B2F5FDC0-54DF-4DAE-828C-C22BC9D72D78-1536x1024.jpeg 1536w, https:\/\/hotelsiglisberg.sk\/wp-content\/uploads\/2021\/09\/B2F5FDC0-54DF-4DAE-828C-C22BC9D72D78-2048x1365.jpeg 2048w\" sizes=\"(max-width: 767px) 89vw, (max-width: 1000px) 54vw, (max-width: 1071px) 543px, 580px\" \/><\/figure>\n\n\n\n<figure class=\"wp-block-image size-large\"><img loading=\"lazy\" decoding=\"async\" width=\"1024\" height=\"683\" src=\"https:\/\/hotelsiglisberg.sk\/wp-content\/uploads\/2021\/09\/A0705048-6838-4EC3-85A5-0A0BA0652D7E-1024x683.jpeg\" alt=\"\" class=\"wp-image-671\" srcset=\"https:\/\/hotelsiglisberg.sk\/wp-content\/uploads\/2021\/09\/A0705048-6838-4EC3-85A5-0A0BA0652D7E-1024x683.jpeg 1024w, https:\/\/hotelsiglisberg.sk\/wp-content\/uploads\/2021\/09\/A0705048-6838-4EC3-85A5-0A0BA0652D7E-300x200.jpeg 300w, https:\/\/hotelsiglisberg.sk\/wp-content\/uploads\/2021\/09\/A0705048-6838-4EC3-85A5-0A0BA0652D7E-768x512.jpeg 768w, https:\/\/hotelsiglisberg.sk\/wp-content\/uploads\/2021\/09\/A0705048-6838-4EC3-85A5-0A0BA0652D7E-1536x1024.jpeg 1536w, https:\/\/hotelsiglisberg.sk\/wp-content\/uploads\/2021\/09\/A0705048-6838-4EC3-85A5-0A0BA0652D7E-2048x1365.jpeg 2048w\" sizes=\"(max-width: 767px) 89vw, (max-width: 1000px) 54vw, (max-width: 1071px) 543px, 580px\" \/><\/figure>\n\n\n\n<figure class=\"wp-block-image size-large\"><img loading=\"lazy\" decoding=\"async\" width=\"1024\" height=\"683\" src=\"https:\/\/hotelsiglisberg.sk\/wp-content\/uploads\/2021\/09\/BED096F6-E08F-4097-BEB1-FD2A85CA5903-1024x683.jpeg\" alt=\"\" class=\"wp-image-679\" srcset=\"https:\/\/hotelsiglisberg.sk\/wp-content\/uploads\/2021\/09\/BED096F6-E08F-4097-BEB1-FD2A85CA5903-1024x683.jpeg 1024w, https:\/\/hotelsiglisberg.sk\/wp-content\/uploads\/2021\/09\/BED096F6-E08F-4097-BEB1-FD2A85CA5903-300x200.jpeg 300w, https:\/\/hotelsiglisberg.sk\/wp-content\/uploads\/2021\/09\/BED096F6-E08F-4097-BEB1-FD2A85CA5903-768x512.jpeg 768w, https:\/\/hotelsiglisberg.sk\/wp-content\/uploads\/2021\/09\/BED096F6-E08F-4097-BEB1-FD2A85CA5903-1536x1024.jpeg 1536w, https:\/\/hotelsiglisberg.sk\/wp-content\/uploads\/2021\/09\/BED096F6-E08F-4097-BEB1-FD2A85CA5903-2048x1365.jpeg 2048w\" sizes=\"(max-width: 767px) 89vw, (max-width: 1000px) 54vw, (max-width: 1071px) 543px, 580px\" \/><figcaption>Za foto \u00faprimne \u010fakujeme Zuzana Vanzubrik.<\/figcaption><\/figure>\n","protected":false},"excerpt":{"rendered":"<p>Pre\u0161li ste sa po na\u0161ej hotelovej z\u00e1hrade alebo chodbami hotela? Siglisberg d\u00fdcha v\u00fdnimo\u010dnou atmosf\u00e9rou, ktor\u00fa c\u00edti\u0165 z ka\u017ed\u00e9ho jeho z\u00e1kutia. V\u00fdnimo\u010dn\u00e9 udalosti si vy\u017eaduj\u00fa v\u00fdnimo\u010dn\u00e9 miesto. A neskromne si dovol\u00edme tvrdi\u0165, \u017ee Siglisberg**** boutique hotel t\u00fdm miestom je.<\/p>\n","protected":false},"author":1,"featured_media":0,"parent":0,"menu_order":0,"comment_status":"closed","ping_status":"closed","template":"","meta":{"footnotes":""},"class_list":["post-88","page","type-page","status-publish","hentry"],"_links":{"self":[{"href":"https:\/\/hotelsiglisberg.sk\/index.php?rest_route=\/wp\/v2\/pages\/88","targetHints":{"allow":["GET"]}}],"collection":[{"href":"https:\/\/hotelsiglisberg.sk\/index.php?rest_route=\/wp\/v2\/pages"}],"about":[{"href":"https:\/\/hotelsiglisberg.sk\/index.php?rest_route=\/wp\/v2\/types\/page"}],"author":[{"embeddable":true,"href":"https:\/\/hotelsiglisberg.sk\/index.php?rest_route=\/wp\/v2\/users\/1"}],"replies":[{"embeddable":true,"href":"https:\/\/hotelsiglisberg.sk\/index.php?rest_route=%2Fwp%2Fv2%2Fcomments&post=88"}],"version-history":[{"count":11,"href":"https:\/\/hotelsiglisberg.sk\/index.php?rest_route=\/wp\/v2\/pages\/88\/revisions"}],"predecessor-version":[{"id":681,"href":"https:\/\/hotelsiglisberg.sk\/index.php?rest_route=\/wp\/v2\/pages\/88\/revisions\/681"}],"wp:attachment":[{"href":"https:\/\/hotelsiglisberg.sk\/index.php?rest_route=%2Fwp%2Fv2%2Fmedia&parent=88"}],"curies":[{"name":"wp","href":"https:\/\/api.w.org\/{rel}","templated":true}]}}